{"id":576,"date":"2025-05-01T00:05:09","date_gmt":"2025-05-01T00:05:09","guid":{"rendered":"https:\/\/www.tungshinaluminum.com\/?page_id=576"},"modified":"2025-06-11T04:53:05","modified_gmt":"2025-06-11T04:53:05","slug":"csrstakeholder-zone","status":"publish","type":"page","link":"https:\/\/www.tungshinaluminum.com\/vn\/social-responsibility\/csrstakeholder-zone","title":{"rendered":"Khu v\u1ef1c CSR &amp; C\u00e1c b\u00ean li\u00ean quan"},"content":{"rendered":"<div id=\"page-header-1513765552\" class=\"page-header-wrapper\">\n  <div class=\"page-title dark featured-title\">\n\n        <div class=\"page-title-bg\">\n      <div class=\"title-bg fill bg-fill\"\n        data-parallax-container=\".page-title\"\n        data-parallax-background\n data-parallax=\"-\">\n      <\/div>\n      <div class=\"title-overlay fill\"><\/div>\n    <\/div>\n    \n    <div class=\"page-title-inner container align-center text-center flex-row-col medium-flex-wrap\" >\n              <div class=\"title-wrapper flex-col\">\n          <h1 class=\"entry-title mb-0\">\n            Khu v\u1ef1c CSR &amp; C\u00e1c b\u00ean li\u00ean quan          <\/h1>\n        <\/div>\n                    <div class=\"title-content flex-col\">\n        <div class=\"title-breadcrumbs pb-half pt-half\"><\/div>      <\/div>\n    <\/div>\n\n     \n<style>\n#page-header-1513765552 .page-title-inner {\n  min-height: 450px;\n}\n#page-header-1513765552 .title-bg {\n  background-image: url(https:\/\/www.tungshinaluminum.com\/wp-content\/uploads\/2025\/04\/LO_Corporate-Social-Responsibility_1280x661.jpg.webp);\n}\n#page-header-1513765552 .featured-title {\n  background-color: #ffffff;\n}\n<\/style>\n  <\/div>\n    <\/div>\n  \n\n\t<section class=\"section\" id=\"section_2095185633\">\n\t\t<div class=\"section-bg fill\" >\n\t\t\t\t\t\t\t\t\t\n\t\t\t\n\n\t\t<\/div>\n\n\t\t\n\n\t\t<div class=\"section-content relative\">\n\t\t\t\n<div class=\"row\"  id=\"row-1871632059\">\n\n\t<div id=\"col-83173204\" class=\"col medium-9 small-12 large-9\"  >\n\t\t\t\t<div class=\"col-inner\"  >\n\t\t\t\n\t\t\t\n<h3>B\u1ea1n c\u1ea7n hi\u1ec3u tr\u00e1ch nhi\u1ec7m x\u00e3 h\u1ed9i doanh nghi\u1ec7p l\u00e0 g\u00ec v\u00e0 bi\u1ebft c\u00e1ch t\u1eadn d\u1ee5ng n\u00f3 th\u00ec m\u1edbi c\u00f3 th\u1ec3 mang l\u1ea1i l\u1ee3i \u00edch cho b\u1ea1n.<\/h3>\n<p>Gi\u1ed1ng nh\u01b0 m\u1ecdi t\u1ed5 ch\u1ee9c kh\u00e1c tr\u00ean th\u1ebf gi\u1edbi, c\u00f4ng ty c\u1ee7a b\u1ea1n c\u00f3 t\u00e1c \u0111\u1ed9ng \u0111\u1ebfn x\u00e3 h\u1ed9i xung quanh. T\u00e1c \u0111\u1ed9ng \u0111\u00f3 l\u00e0 t\u00edch c\u1ef1c hay ti\u00eau c\u1ef1c ph\u1ee5 thu\u1ed9c v\u00e0o m\u1ee9c \u0111\u1ed9 hi\u1ec3u bi\u1ebft c\u1ee7a c\u00e1c b\u00ean li\u00ean quan v\u1ec1 tr\u00e1ch nhi\u1ec7m x\u00e3 h\u1ed9i doanh nghi\u1ec7p v\u00e0 vi\u1ec7c t\u00edch h\u1ee3p kh\u00e1i ni\u1ec7m n\u00e0y v\u00e0o v\u0103n h\u00f3a doanh nghi\u1ec7p c\u1ee7a b\u1ea1n.<\/p>\n<h3>Tr\u00e1ch nhi\u1ec7m x\u00e3 h\u1ed9i doanh nghi\u1ec7p l\u00e0 g\u00ec?<\/h3>\n<p>Tr\u00e1ch nhi\u1ec7m x\u00e3 h\u1ed9i doanh nghi\u1ec7p (CSR) \u0111\u1ea1i di\u1ec7n cho \u00fd t\u01b0\u1edfng r\u1eb1ng m\u1ed7i c\u00f4ng ty \u0111\u1ec1u c\u00f3 tr\u00e1ch nhi\u1ec7m \u0111\u1ed1i v\u1edbi x\u00e3 h\u1ed9i n\u01a1i n\u00f3 ho\u1ea1t \u0111\u1ed9ng ho\u1eb7c c\u00f3 c\u00e1c \u0111\u1ed1i t\u00e1c. N\u00f3 xu\u1ea5t ph\u00e1t t\u1eeb quan \u0111i\u1ec3m r\u1eb1ng kh\u00f4ng th\u1ec3 \u0111\u00e1nh gi\u00e1 \u0111\u00fang gi\u00e1 tr\u1ecb c\u1ee7a m\u1ed9t c\u00f4ng ty m\u00e0 kh\u00f4ng nh\u1eadn th\u1ee9c \u0111\u00fang v\u1ec1 b\u1ed1i c\u1ea3nh v\u1eadt l\u00fd v\u00e0 con ng\u01b0\u1eddi m\u00e0 c\u00f4ng ty \u0111\u00f3 \u0111ang ho\u1ea1t \u0111\u1ed9ng.<\/p>\n<p>Xem \u0111\u00f3 nh\u01b0 m\u1ed9t h\u00ecnh th\u1ee9c t\u1ef1 \u0111i\u1ec1u ch\u1ec9nh, \u0111\u01b0\u1ee3c th\u1ec3 hi\u1ec7n th\u00f4ng qua c\u00e1c chi\u1ebfn l\u01b0\u1ee3c v\u00e0 s\u00e1ng ki\u1ebfn ph\u00f9 h\u1ee3p v\u1edbi m\u1ee5c ti\u00eau c\u1ee7a t\u1ed5 ch\u1ee9c.<\/p>\n<p>\"Tr\u00e1ch nhi\u1ec7m x\u00e3 h\u1ed9i\" c\u00f3 \u00fd ngh\u0129a kh\u00e1c nhau \u0111\u1ed1i v\u1edbi m\u1ed7i c\u00f4ng ty. Nguy\u00ean t\u1eafc g\u1ea7n nh\u1ea5t v\u1edbi m\u1ed9t nguy\u00ean l\u00fd th\u1ed1ng nh\u1ea5t l\u00e0 c\u00e1ch m\u00e0 c\u00e1c c\u00f4ng ty \u0111\u1ec3 cho n\u1ed7 l\u1ef1c c\u1ee7a m\u00ecnh \u0111\u01b0\u1ee3c h\u01b0\u1edbng d\u1eabn b\u1edfi c\u00e1i g\u1ecdi l\u00e0 \"ba \u0111\u00e1y\" (Triple Bottom Line), \u0111i\u1ec1u n\u00e0y quy \u0111\u1ecbnh r\u1eb1ng m\u1ed9t doanh nghi\u1ec7p n\u00ean t\u1eadp trung v\u00e0o vi\u1ec7c \u0111o l\u01b0\u1eddng t\u00e1c \u0111\u1ed9ng m\u00f4i tr\u01b0\u1eddng v\u00e0 x\u00e3 h\u1ed9i c\u1ee7a m\u00ecnh song song v\u1edbi l\u1ee3i nhu\u1eadn.<\/p>\n<h3>C\u00e1c lo\u1ea1i tr\u00e1ch nhi\u1ec7m x\u00e3 h\u1ed9i doanh nghi\u1ec7p kh\u00e1c nhau<\/h3>\n<p>Tr\u00e1ch nhi\u1ec7m x\u00e3 h\u1ed9i doanh nghi\u1ec7p truy\u1ec1n th\u1ed1ng \u0111\u01b0\u1ee3c ph\u00e2n lo\u1ea1i th\u00e0nh b\u1ed1n lo\u1ea1i kh\u00e1c nhau: t\u1eeb thi\u1ec7n, m\u00f4i tr\u01b0\u1eddng, \u0111\u1ea1o \u0111\u1ee9c v\u00e0 kinh t\u1ebf.<\/p>\n<p><strong>1. Tr\u00e1ch nhi\u1ec7m t\u1eeb thi\u1ec7n<\/strong><\/p>\n<p>Ho\u1ea1t \u0111\u1ed9ng CSR theo m\u00f4 h\u00ecnh t\u1eeb thi\u1ec7n l\u00e0 nh\u1eefng ho\u1ea1t \u0111\u1ed9ng \u0111\u01b0\u1ee3c thi\u1ebft k\u1ebf \u0111\u1eb7c bi\u1ec7t nh\u1eb1m l\u00e0m cho th\u1ebf gi\u1edbi tr\u1edf n\u00ean t\u1ed1t \u0111\u1eb9p h\u01a1n. M\u00e0 kh\u00f4ng b\u1ecf qua c\u00e1c r\u00e0ng bu\u1ed9c \u0111\u1ea1o \u0111\u1ee9c v\u00e0 m\u00f4i tr\u01b0\u1eddng, m\u1ed9t c\u00f4ng ty c\u00f3 t\u01b0 duy t\u1eeb thi\u1ec7n s\u1ebd d\u00e0nh m\u1ed9t ph\u1ea7n l\u1ee3i nhu\u1eadn c\u1ee7a m\u00ecnh cho c\u00e1c m\u1ee5c \u0111\u00edch t\u1eeb thi\u1ec7n.<\/p>\n<p>C\u00f4ng vi\u1ec7c t\u00ecnh nguy\u1ec7n, quy\u00ean g\u00f3p cho c\u00e1c t\u1ed5 ch\u1ee9c t\u1eeb thi\u1ec7n v\u00e0 t\u1ed5 ch\u1ee9c phi l\u1ee3i nhu\u1eadn ph\u00f9 h\u1ee3p v\u1edbi l\u00fd t\u01b0\u1edfng c\u1ee7a c\u00f4ng ty, c\u0169ng nh\u01b0 quy\u00ean g\u00f3p cho c\u00e1c nguy\u00ean nh\u00e2n m\u00e0 c\u00f4ng ty cho l\u00e0 x\u1ee9ng \u0111\u00e1ng, l\u00e0 m\u1ed9t v\u00e0i v\u00ed d\u1ee5 v\u1ec1 c\u00e1c ho\u1ea1t \u0111\u1ed9ng t\u1eeb thi\u1ec7n m\u00e0 c\u00e1c c\u00f4ng ty th\u1ef1c hi\u1ec7n. M\u1ed9t s\u1ed1 c\u00f4ng ty th\u1eadm ch\u00ed c\u00f2n \u0111i xa h\u01a1n b\u1eb1ng c\u00e1ch t\u1ea1o ra c\u00e1c t\u1ed5 ch\u1ee9c t\u1eeb thi\u1ec7n ri\u00eang c\u1ee7a m\u00ecnh \u0111\u1ec3 h\u01b0\u1edbng d\u1eabn c\u00e1c n\u1ed7 l\u1ef1c t\u1eeb thi\u1ec7n.<\/p>\n<p>Tr\u00e1ch nhi\u1ec7m t\u1eeb thi\u1ec7n kh\u00f4ng nh\u1eb1m m\u1ee5c ti\u00eau l\u1ee3i nhu\u1eadn v\u00e0 c\u00f3 th\u1ec3 kh\u00f4ng \u1ea3nh h\u01b0\u1edfng tr\u1ef1c ti\u1ebfp \u0111\u1ebfn hi\u1ec7u qu\u1ea3 ho\u1ea1t \u0111\u1ed9ng c\u1ee7a doanh nghi\u1ec7p.<\/p>\n<p><strong>2. Tr\u00e1ch nhi\u1ec7m m\u00f4i tr\u01b0\u1eddng<\/strong><\/p>\n<p>Tr\u00e1ch nhi\u1ec7m m\u00f4i tr\u01b0\u1eddng d\u1ef1a tr\u00ean quan \u0111i\u1ec3m r\u1eb1ng c\u00e1c doanh nghi\u1ec7p n\u00ean ho\u1ea1t \u0111\u1ed9ng theo c\u00e1ch t\u00f4n tr\u1ecdng m\u00f4i tr\u01b0\u1eddng nh\u1ea5t c\u00f3 th\u1ec3. \u0110\u00f4i khi \u0111\u01b0\u1ee3c g\u1ecdi l\u00e0 \u201cqu\u1ea3n l\u00fd m\u00f4i tr\u01b0\u1eddng\u201d, tr\u00e1ch nhi\u1ec7m m\u00f4i tr\u01b0\u1eddng \u0111ang d\u1ea7n tr\u1edf th\u00e0nh h\u00ecnh th\u1ee9c ph\u1ed5 bi\u1ebfn nh\u1ea5t c\u1ee7a tr\u00e1ch nhi\u1ec7m x\u00e3 h\u1ed9i doanh nghi\u1ec7p hi\u1ec7n nay.<\/p>\n<p>C\u00f3 nhi\u1ec1u c\u00e1ch \u0111\u1ec3 c\u00e1c doanh nghi\u1ec7p th\u1ec3 hi\u1ec7n cam k\u1ebft c\u1ee7a m\u00ecnh \u0111\u1ed1i v\u1edbi tr\u00e1ch nhi\u1ec7m m\u00f4i tr\u01b0\u1eddng:<\/p>\n<p class=\"translation-block\">Thi\u1ebft l\u1eadp m\u1ee9c l\u01b0\u01a1ng t\u1ed1i thi\u1ec3u ri\u00eang cao h\u01a1n m\u1ee9c do c\u01a1 quan qu\u1ea3n l\u00fd quy \u0111\u1ecbnh v\u00ec cho r\u1eb1ng m\u1ee9c l\u01b0\u01a1ng hi\u1ec7n h\u00e0nh kh\u00f4ng \u0111\u1ee7 \u0111\u1ec3 \u0111\u1ea3m b\u1ea3o cu\u1ed9c s\u1ed1ng<br>\nY\u00eau c\u1ea7u r\u1eb1ng vi\u1ec7c thu mua s\u1ea3n ph\u1ea9m, nguy\u00ean li\u1ec7u, linh ki\u1ec7n v\u00e0 v\u1eadt li\u1ec7u ph\u1ea3i tu\u00e2n theo c\u00e1c ti\u00eau chu\u1ea9n th\u01b0\u01a1ng m\u1ea1i t\u1ef1 do, kh\u00f4ng s\u1eed d\u1ee5ng lao \u0111\u1ed9ng c\u01b0\u1ee1ng b\u1ee9c hay lao \u0111\u1ed9ng tr\u1ebb em<br>\n\u0110\u1ea3m b\u1ea3o tr\u1ea3 m\u1ee9c gi\u00e1 c\u00f4ng b\u1eb1ng cho c\u00e1c nh\u00e0 cung c\u1ea5p trong to\u00e0n chu\u1ed7i cung \u1ee9ng \u0111\u1ec3 h\u1ecd c\u00f3 th\u1ec3 ph\u00e1t tri\u1ec3n ch\u1ee9 kh\u00f4ng ch\u1ec9 t\u1ed3n t\u1ea1i<br>\n\u0110\u1ea3m b\u1ea3o cung c\u1ea5p \u0111i\u1ec1u ki\u1ec7n l\u00e0m vi\u1ec7c h\u1ee3p l\u00fd cho nh\u00e2n vi\u00ean \u1edf m\u1ecdi kh\u00e2u trong chu\u1ed7i cung \u1ee9ng c\u1ee7a doanh nghi\u1ec7p<br>\nC\u00e1c s\u00e1ng ki\u1ebfn tr\u00e1ch nhi\u1ec7m \u0111\u1ea1o \u0111\u1ee9c th\u01b0\u1eddng \u1ea3nh h\u01b0\u1edfng \u0111\u1ebfn doanh thu c\u1ee7a c\u00f4ng ty v\u00ec t\u00e1c \u0111\u1ed9ng \u0111\u1ebfn c\u00e1c y\u1ebfu t\u1ed1 nh\u01b0 \u0111i\u1ec1u ki\u1ec7n l\u00e0m vi\u1ec7c, ch\u0103m s\u00f3c s\u1ee9c kh\u1ecfe, gi\u1eef ch\u00e2n nh\u00e2n t\u00e0i, n\u0103ng su\u1ea5t v\u00e0 uy t\u00edn th\u01b0\u01a1ng hi\u1ec7u<br><\/p>\n<p><strong>3. Tr\u00e1ch nhi\u1ec7m \u0111\u1ea1o \u0111\u1ee9c<\/strong><\/p>\n<p>Tr\u00e1ch nhi\u1ec7m \u0111\u1ea1o \u0111\u1ee9c l\u00e0 \u0111\u1ea3m b\u1ea3o t\u1ed5 ch\u1ee9c h\u00e0nh x\u1eed m\u1ed9t c\u00e1ch c\u00f4ng b\u1eb1ng v\u00e0 \u0111\u1ea1o \u0111\u1ee9c \u0111\u1ed1i v\u1edbi nh\u1eefng ng\u01b0\u1eddi trong chu\u1ed7i gi\u00e1 tr\u1ecb c\u1ee7a m\u00ecnh.<\/p>\n<p>Khi m\u1ed9t c\u00f4ng ty theo \u0111u\u1ed5i tr\u00e1ch nhi\u1ec7m \u0111\u1ea1o \u0111\u1ee9c nh\u01b0 l\u00e0 m\u1ed9t h\u00ecnh th\u1ee9c CSR, h\u1ecd n\u1ed7 l\u1ef1c \u0111\u1ea1t \u0111\u01b0\u1ee3c s\u1ef1 \u0111\u1ed1i x\u1eed c\u00f4ng b\u1eb1ng \u0111\u1ed1i v\u1edbi t\u1ea5t c\u1ea3 c\u00e1c b\u00ean li\u00ean quan trong doanh nghi\u1ec7p, bao g\u1ed3m kh\u00e1ch h\u00e0ng, nh\u00e0 cung c\u1ea5p, nh\u00e2n vi\u00ean, \u0111\u1ed1i t\u00e1c, nh\u00e0 \u0111\u1ea7u t\u01b0 v\u00e0 ban l\u00e3nh \u0111\u1ea1o.<\/p>\n<p>Tr\u00e1ch nhi\u1ec7m \u0111\u1ea1o \u0111\u1ee9c c\u00f3 th\u1ec3 \u0111\u01b0\u1ee3c th\u1ec3 hi\u1ec7n theo nhi\u1ec1u c\u00e1ch nh\u01b0:<br><\/p>\n<p class=\"translation-block\">Thi\u1ebft l\u1eadp m\u1ee9c l\u01b0\u01a1ng t\u1ed1i thi\u1ec3u ri\u00eang cao h\u01a1n m\u1ee9c do c\u01a1 quan qu\u1ea3n l\u00fd quy \u0111\u1ecbnh v\u00ec cho r\u1eb1ng m\u1ee9c l\u01b0\u01a1ng hi\u1ec7n h\u00e0nh kh\u00f4ng \u0111\u1ee7 \u0111\u1ec3 \u0111\u1ea3m b\u1ea3o cu\u1ed9c s\u1ed1ng<br>\nY\u00eau c\u1ea7u r\u1eb1ng vi\u1ec7c thu mua s\u1ea3n ph\u1ea9m, nguy\u00ean li\u1ec7u, linh ki\u1ec7n v\u00e0 v\u1eadt li\u1ec7u ph\u1ea3i tu\u00e2n theo c\u00e1c ti\u00eau chu\u1ea9n th\u01b0\u01a1ng m\u1ea1i t\u1ef1 do, kh\u00f4ng s\u1eed d\u1ee5ng lao \u0111\u1ed9ng c\u01b0\u1ee1ng b\u1ee9c hay lao \u0111\u1ed9ng tr\u1ebb em<br>\n\u0110\u1ea3m b\u1ea3o tr\u1ea3 m\u1ee9c gi\u00e1 c\u00f4ng b\u1eb1ng cho c\u00e1c nh\u00e0 cung c\u1ea5p trong to\u00e0n chu\u1ed7i cung \u1ee9ng \u0111\u1ec3 h\u1ecd c\u00f3 th\u1ec3 ph\u00e1t tri\u1ec3n ch\u1ee9 kh\u00f4ng ch\u1ec9 t\u1ed3n t\u1ea1i<br>\n\u0110\u1ea3m b\u1ea3o cung c\u1ea5p \u0111i\u1ec1u ki\u1ec7n l\u00e0m vi\u1ec7c h\u1ee3p l\u00fd cho nh\u00e2n vi\u00ean \u1edf m\u1ecdi kh\u00e2u trong chu\u1ed7i cung \u1ee9ng c\u1ee7a doanh nghi\u1ec7p<br>\nC\u00e1c s\u00e1ng ki\u1ebfn tr\u00e1ch nhi\u1ec7m \u0111\u1ea1o \u0111\u1ee9c th\u01b0\u1eddng \u1ea3nh h\u01b0\u1edfng \u0111\u1ebfn doanh thu c\u1ee7a c\u00f4ng ty v\u00ec t\u00e1c \u0111\u1ed9ng \u0111\u1ebfn c\u00e1c y\u1ebfu t\u1ed1 nh\u01b0 \u0111i\u1ec1u ki\u1ec7n l\u00e0m vi\u1ec7c, ch\u0103m s\u00f3c s\u1ee9c kh\u1ecfe, gi\u1eef ch\u00e2n nh\u00e2n t\u00e0i, n\u0103ng su\u1ea5t v\u00e0 uy t\u00edn th\u01b0\u01a1ng hi\u1ec7u<br><\/p>\n<p><strong>4. Tr\u00e1ch nhi\u1ec7m kinh t\u1ebf<\/strong><\/p>\n<p>Tr\u00e1ch nhi\u1ec7m kinh t\u1ebf l\u00e0 khi m\u1ed9t c\u00f4ng ty c\u00e2n nh\u1eafc t\u1ea5t c\u1ea3 c\u00e1c h\u00ecnh th\u1ee9c tr\u00e1ch nhi\u1ec7m x\u00e3 h\u1ed9i \u0111\u00e3 \u0111\u1ec1 c\u1eadp \u1edf tr\u00ean m\u1ed7i khi \u0111\u01b0a ra quy\u1ebft \u0111\u1ecbnh t\u00e0i ch\u00ednh \u1edf b\u1ea5t k\u1ef3 c\u1ea5p \u0111\u1ed9 n\u00e0o, t\u1eeb ph\u00f2ng h\u1ecdp \u0111\u1ebfn x\u01b0\u1edfng s\u1ea3n xu\u1ea5t. C\u00e1c c\u00f4ng ty c\u00f3 tr\u00e1ch nhi\u1ec7m kinh t\u1ebf kh\u00f4ng ch\u1ec9 t\u00ecm ki\u1ebfm l\u1ee3i nhu\u1eadn t\u1ed1i \u0111a m\u00e0 c\u00f2n quan t\u00e2m \u0111\u1ebfn c\u00e1ch k\u1ebft h\u1ee3p vi\u1ec7c t\u1ea1o ra l\u1ee3i nhu\u1eadn v\u1edbi t\u00e1c \u0111\u1ed9ng t\u00edch c\u1ef1c \u0111\u1ebfn m\u00f4i tr\u01b0\u1eddng, c\u00e1c b\u00ean li\u00ean quan v\u00e0 to\u00e0n x\u00e3 h\u1ed9i.<\/p>\n<p>L\u00e0m th\u1ebf n\u00e0o \u0111\u1ec3 \u0111\u01b0a Tr\u00e1ch nhi\u1ec7m x\u00e3 h\u1ed9i doanh nghi\u1ec7p tr\u1edf th\u00e0nh m\u1ed9t ph\u1ea7n c\u1ee7a v\u0103n h\u00f3a ph\u00e1t tri\u1ec3n b\u1ec1n v\u1eefng<\/p>\n<p>M\u1ecdi n\u1ed7 l\u1ef1c nh\u1eb1m \u0111\u01b0a CSR v\u00e0o v\u0103n h\u00f3a doanh nghi\u1ec7p b\u1ec1n v\u1eefng c\u1ea7n b\u1eaft \u0111\u1ea7u b\u1eb1ng vi\u1ec7c ki\u1ec3m k\u00ea v\u00e0 \u0111\u00e1nh gi\u00e1 c\u00e1c ch\u01b0\u01a1ng tr\u00ecnh hi\u1ec7n c\u00f3. Tr\u00e1i v\u1edbi k\u1ef3 v\u1ecdng, ph\u1ea7n l\u1edbn c\u00e1c s\u00e1ng ki\u1ebfn CSR l\u1ea1i do c\u00e1c qu\u1ea3n l\u00fd c\u1ea5p trung kh\u1edfi x\u01b0\u1edbng m\u00e0 kh\u00f4ng c\u00f3 s\u1ef1 tham gia t\u00edch c\u1ef1c t\u1eeb ban l\u00e3nh \u0111\u1ea1o c\u1ea5p cao, d\u1eabn \u0111\u1ebfn vi\u1ec7c thi\u1ebfu ph\u1ed1i h\u1ee3p v\u00e0 thi\u1ebfu m\u1ed9t chi\u1ebfn l\u01b0\u1ee3c t\u1ed5ng th\u1ec3 \u0111\u1ec3 \u0111\u1ecbnh h\u01b0\u1edbng c\u00e1c ho\u1ea1t \u0111\u1ed9ng.<\/p>\n<p>Ch\u1ec9 sau khi \u0111\u00e3 ki\u1ec3m k\u00ea \u0111\u1ea7y \u0111\u1ee7 th\u00ec b\u01b0\u1edbc ti\u1ebfp theo m\u1edbi th\u1ef1c s\u1ef1 c\u00f3 \u00fd ngh\u0129a, \u0111\u00f3 l\u00e0 x\u00e2y d\u1ef1ng c\u00e1c chi\u1ebfn l\u01b0\u1ee3c CSR m\u1ea1ch l\u1ea1c v\u1edbi s\u1ef1 \u1ee7ng h\u1ed9 ho\u00e0n to\u00e0n t\u1eeb CEO v\u00e0 h\u1ed9i \u0111\u1ed3ng qu\u1ea3n tr\u1ecb. C\u00e1c chi\u1ebfn l\u01b0\u1ee3c n\u00e0y bao g\u1ed3m:<\/p>\n<h3>1. C\u1eaft gi\u1ea3m v\u00e0 t\u1ed5 ch\u1ee9c c\u00e1c s\u00e1ng ki\u1ebfn trong c\u00e1c danh m\u1ee5c<\/h3>\n<p>Vi\u1ec7c kh\u00f4ng ph\u1ed1i h\u1ee3p c\u00e1c s\u00e1ng ki\u1ebfn CSR trong c\u00f9ng m\u1ed9t danh m\u1ee5c \u00edt r\u00f5 r\u00e0ng h\u01a1n so v\u1edbi vi\u1ec7c thi\u1ebfu s\u1ef1 ph\u1ed1i h\u1ee3p gi\u1eefa c\u00e1c danh m\u1ee5c, nh\u01b0ng kh\u00f4ng k\u00e9m ph\u1ea7n tai h\u1ea1i. C\u00e1c c\u00f4ng ty c\u00f3 th\u1ec3 kh\u1eafc ph\u1ee5c \u0111i\u1ec1u n\u00e0y b\u1eb1ng c\u00e1ch lo\u1ea1i b\u1ecf nh\u1eefng s\u00e1ng ki\u1ebfn kh\u00f4ng gi\u1ea3i quy\u1ebft c\u00e1c v\u1ea5n \u0111\u1ec1 m\u00f4i tr\u01b0\u1eddng ho\u1eb7c x\u00e3 h\u1ed9i quan tr\u1ecdng v\u00e0 kh\u00f4ng ph\u00f9 h\u1ee3p v\u1edbi m\u1ee5c ti\u00eau, gi\u00e1 tr\u1ecb ho\u1eb7c b\u1ea3n s\u1eafc c\u1ee7a c\u00f4ng ty.<\/p>\n<p>V\u00ed d\u1ee5, m\u1ed9t chu\u1ed7i c\u1eeda h\u00e0ng th\u1ee9c \u0103n nhanh c\u00f3 th\u1ec3 lo\u1ea1i b\u1ecf c\u00e1c ch\u01b0\u01a1ng tr\u00ecnh t\u00e1i ch\u1ebf \u0111\u1ec3 thay v\u00e0o \u0111\u00f3 ch\u1ecdn s\u1eed d\u1ee5ng nguy\u00ean li\u1ec7u tr\u1ed3ng tr\u1ecdt b\u1ec1n v\u1eefng.<\/p>\n<h3>2. Thi\u1ebft l\u1eadp c\u00e1c ch\u1ec9 s\u1ed1 \u0111\u1ec3 \u0111o l\u01b0\u1eddng hi\u1ec7u qu\u1ea3 v\u00e0 th\u00e0nh c\u00f4ng.<\/h3>\n<p>\u0110\u1ed1i v\u1edbi m\u1ed7i lo\u1ea1i s\u00e1ng ki\u1ebfn CSR, h\u00e3y x\u00e1c \u0111\u1ecbnh c\u00e1c ch\u1ec9 s\u1ed1 s\u1ebd ch\u1ec9 ra s\u1ef1 th\u00e0nh c\u00f4ng. C\u00e1c ch\u1ec9 s\u1ed1 n\u00e0y s\u1ebd kh\u00f4ng nh\u1ea5t thi\u1ebft gi\u1ed1ng nhau gi\u1eefa c\u00e1c lo\u1ea1i s\u00e1ng ki\u1ebfn kh\u00e1c nhau. C\u00e1c b\u00ean li\u00ean quan c\u1ea7n \u0111\u01b0\u1ee3c h\u01b0\u1edbng d\u1eabn r\u00f5 r\u00e0ng v\u1ec1 l\u00fd do t\u1ea1i sao c\u00e1c ch\u1ec9 s\u1ed1 n\u00e0y quan tr\u1ecdng, v\u00e0 t\u00e1c \u0111\u1ed9ng c\u1ee7a ch\u00fang c\u1ea7n \u0111\u01b0\u1ee3c \u0111o l\u01b0\u1eddng th\u01b0\u1eddng xuy\u00ean \u0111\u1ec3 \u0111\u00e1nh gi\u00e1 ti\u1ebfn tr\u00ecnh.<\/p>\n<h3>3. Ph\u1ed1i h\u1ee3p c\u00e1c s\u00e1ng ki\u1ebfn CSR gi\u1eefa c\u00e1c lo\u1ea1i kh\u00e1c nhau<\/h3>\n<p>\u0110i\u1ec1u n\u00e0y v\u01b0\u1ee3t xa vi\u1ec7c g\u1eafn t\u1ea5t c\u1ea3 c\u00e1c ho\u1ea1t \u0111\u1ed9ng CSR v\u00e0o ph\u1ee5c v\u1ee5 c\u00f9ng m\u1ed9t v\u1ea5n \u0111\u1ec1 x\u00e3 h\u1ed9i ho\u1eb7c m\u00f4i tr\u01b0\u1eddng. Thay v\u00e0o \u0111\u00f3, n\u00f3 y\u00eau c\u1ea7u c\u00f4ng ty c\u1ee7a b\u1ea1n ph\u00e1t tri\u1ec3n m\u1ed9t danh m\u1ee5c c\u00e1c th\u1ef1c h\u00e0nh CSR h\u1ee3p l\u00fd, c\u00f3 t\u00e1c \u0111\u1ed9ng h\u1ed7 tr\u1ee3 l\u1eabn nhau v\u00e0 nh\u1ea5t qu\u00e1n v\u1edbi c\u00e1c gi\u00e1 tr\u1ecb c\u1ee7a doanh nghi\u1ec7p.<\/p>\n<h3>4. Ph\u00e1t tri\u1ec3n chi\u1ebfn l\u01b0\u1ee3c CSR li\u00ean ng\u00e0nh<\/h3>\n<p>\u0110\u1ec3 c\u1ee7ng c\u1ed1 c\u00e1c ch\u01b0\u01a1ng tr\u00ecnh CSR, c\u00f4ng ty n\u00ean thi\u1ebft l\u1eadp m\u1ed9t v\u1ecb tr\u00ed chuy\u00ean tr\u00e1ch \u0111\u1ec3 t\u00edch h\u1ee3p c\u00e1c s\u00e1ng ki\u1ebfn trong t\u1ea5t c\u1ea3 c\u00e1c h\u1ea1ng m\u1ee5c, t\u1eadp h\u1ee3p c\u00e1c nh\u00e2n t\u1ed1 ch\u1ee7 ch\u1ed1t \u0111\u1ec3 l\u1eadp k\u1ebf ho\u1ea1ch v\u00e0 duy tr\u00ec li\u00ean l\u1ea1c nh\u1eb1m \u0111\u1ea3m b\u1ea3o s\u1ef1 nh\u1ea5t qu\u00e1n v\u00e0 ph\u1ed1i h\u1ee3p gi\u1eefa c\u00e1c l\u0129nh v\u1ef1c kh\u00e1c nhau.<\/p>\n<p>Cam k\u1ebft v\u1edbi CSR nh\u01b0 \u0111\u00e3 n\u00eau tr\u00ean \u0111\u00f2i h\u1ecfi s\u1ef1 s\u00e1ng t\u1ea1o v\u00e0 s\u1ef1 \u1ee7ng h\u1ed9 t\u1eeb to\u00e0n b\u1ed9 t\u1ed5 ch\u1ee9c, nh\u01b0ng nh\u1eefng l\u1ee3i \u00edch \u0111\u1ea1t \u0111\u01b0\u1ee3c s\u1ebd v\u01b0\u1ee3t xa l\u1ee3i nhu\u1eadn v\u00e0 c\u00f3 th\u1ec3 \u0111\u01b0\u1ee3c t\u1eadn h\u01b0\u1edfng c\u1ea3 trong ng\u1eafn h\u1ea1n v\u00e0 d\u00e0i h\u1ea1n.<\/p>\n<h3>5. T\u1eadn d\u1ee5ng c\u00e1c gi\u1ea3i ph\u00e1p c\u00f4ng ngh\u1ec7 \u0111\u1ec3 \u0111\u1ea1t \u0111\u01b0\u1ee3c k\u1ebft qu\u1ea3 t\u1ed1t h\u01a1n v\u00e0 c\u00f3 th\u1ec3 d\u1ef1 \u0111o\u00e1n \u0111\u01b0\u1ee3c.<\/h3>\n<p>C\u00e1c gi\u1ea3i ph\u00e1p c\u00f4ng ngh\u1ec7 cho tr\u00e1ch nhi\u1ec7m x\u00e3 h\u1ed9i c\u1ee7a doanh nghi\u1ec7p c\u00f3 r\u1ea5t nhi\u1ec1u l\u1ee3i \u00edch \u0111\u1ed1i v\u1edbi c\u00e1c c\u00f4ng ty cam k\u1ebft th\u1ef1c hi\u1ec7n c\u00e1c th\u1ef1c h\u00e0nh c\u00f3 tr\u00e1ch nhi\u1ec7m v\u1edbi x\u00e3 h\u1ed9i. C\u00e1c chu\u1ed7i cung \u1ee9ng to\u00e0n c\u1ea7u r\u1ea5t ph\u1ee9c t\u1ea1p, v\u00e0 th\u1eadt kh\u00f3 \u0111\u1ec3 theo d\u00f5i t\u1ea5t c\u1ea3 c\u00e1c y\u1ebfu t\u1ed1 \u0111ang v\u1eadn h\u00e0nh.<\/p>\n<p>Gi\u1ea3i ph\u00e1p tr\u00e1ch nhi\u1ec7m x\u00e3 h\u1ed9i c\u1ee7a Logility c\u00f3 th\u1ec3 th\u00f4ng qua vi\u1ec7c th\u00fac \u0111\u1ea9y m\u1ed9t m\u1ea1ng l\u01b0\u1edbi cung \u1ee9ng h\u1ee3p t\u00e1c m\u1ea1nh m\u1ebd, cung c\u1ea5p s\u1ef1 minh b\u1ea1ch, b\u1ec1n v\u1eefng v\u00e0 kh\u1ea3 n\u0103ng ph\u1ee5c h\u1ed3i c\u1ea7n thi\u1ebft, n\u00e2ng cao danh ti\u1ebfng c\u00f4ng ty v\u00e0 cung c\u1ea5p d\u1eef li\u1ec7u x\u00e3 h\u1ed9i v\u00e0 m\u00f4i tr\u01b0\u1eddng nh\u1ea5t qu\u00e1n. D\u1eef li\u1ec7u n\u00e0y c\u00f3 th\u1ec3 gi\u00fap \u0111\u01b0a ra c\u00e1c quy\u1ebft \u0111\u1ecbnh ngu\u1ed3n cung \u1ee9ng \u0111\u1ea1o \u0111\u1ee9c v\u00e0 th\u00fac \u0111\u1ea9y b\u00e1o c\u00e1o minh b\u1ea1ch v\u00e0 qu\u1ea3n l\u00fd r\u1ee7i ro chu\u1ed7i cung \u1ee9ng t\u1ed1t h\u01a1n.<\/p>\n<h3>Gi\u1ea3i ph\u00e1p tr\u00e1ch nhi\u1ec7m x\u00e3 h\u1ed9i c\u1ee7a Logility gi\u00fap c\u00e1c c\u00f4ng ty:<\/h3>\n<p class=\"translation-block\">T\u0103ng c\u01b0\u1eddng kh\u1ea3 n\u0103ng nh\u00ecn th\u1ea5y d\u1eef li\u1ec7u tu\u00e2n th\u1ee7 x\u00e3 h\u1ed9i c\u1ee7a t\u1ea5t c\u1ea3 c\u00e1c nh\u00e0 cung c\u1ea5p trong m\u1ea1ng l\u01b0\u1edbi cung \u1ee9ng c\u1ee7a c\u00f4ng ty;<br>\nTh\u1ef1c hi\u1ec7n, gi\u00e1m s\u00e1t, xem x\u00e9t v\u00e0 n\u1ed9p k\u1ebf ho\u1ea1ch h\u00e0nh \u0111\u1ed9ng kh\u1eafc ph\u1ee5c khi c\u00f3 v\u1ea5n \u0111\u1ec1 v\u1ec1 tu\u00e2n th\u1ee7 x\u00e3 h\u1ed9i;<br>\nT\u0103ng c\u01b0\u1eddng hi\u1ec3u bi\u1ebft v\u1ec1 m\u1ee9c \u0111\u1ed9 tu\u00e2n th\u1ee7 c\u1ee7a t\u1eebng nh\u00e0 cung c\u1ea5p \u0111\u1ed1i v\u1edbi c\u00e1c th\u1ef1c h\u00e0nh c\u00f3 tr\u00e1ch nhi\u1ec7m v\u1edbi m\u00f4i tr\u01b0\u1eddng v\u00e0 x\u00e3 h\u1ed9i;<br>\n\u0110\u00e1nh gi\u00e1 t\u1ed5ng l\u01b0\u1ee3ng ph\u00e1t th\u1ea3i t\u1eeb m\u1ed7i nh\u00e0 cung c\u1ea5p v\u00e0 ph\u00e2n t\u00edch nguy\u00ean nh\u00e2n g\u1ed1c r\u1ec5 \u0111\u1ec3 x\u00e1c \u0111\u1ecbnh k\u1ebf ho\u1ea1ch h\u00e0nh \u0111\u1ed9ng kh\u1eafc ph\u1ee5c.<br><\/p>\n<p>Logility gi\u00fap c\u00e1c c\u00f4ng ty cam k\u1ebft v\u1edbi CSR b\u1eb1ng c\u00e1ch t\u0103ng c\u01b0\u1eddng kh\u1ea3 n\u0103ng nh\u00ecn th\u1ea5y trong chu\u1ed7i cung \u1ee9ng, qua \u0111\u00f3 gi\u00fap h\u1ecd d\u1ec5 d\u00e0ng n\u1eafm b\u1eaft c\u01a1 h\u1ed9i m\u1edbi v\u00e0 qu\u1ea3n l\u00fd hi\u1ec7u qu\u1ea3 c\u00e1c l\u1ee3i \u00edch to\u00e0n c\u1ea7u ph\u1ee9c t\u1ea1p. \u0110\u1ec3 bi\u1ebft th\u00eam chi ti\u1ebft, h\u00e3y li\u00ean h\u1ec7 v\u1edbi Logility ngay h\u00f4m nay.<\/p>\n\t\t<\/div>\n\t\t\t\t\t<\/div>\n\n\t\n\n\t<div id=\"col-167701097\" class=\"col medium-3 small-12 large-3\"  >\n\t\t<div class=\"is-sticky-column\"><div class=\"is-sticky-column__inner\">\t\t<div class=\"col-inner\"  >\n\t\t\t\n\t\t\t\n<ul class=\"sidebar-wrapper ul-reset\"><aside id=\"nav_menu-2\" class=\"widget widget_nav_menu\"><span class=\"widget-title\"><span>S\u1ea3n ph\u1ea9m<\/span><\/span><div class=\"is-divider small\"><\/div><div class=\"menu-san-pham-container\"><ul id=\"menu-san-pham\" class=\"menu\"><li id=\"menu-item-206\" class=\"menu-item menu-item-type-post_type menu-item-object-page menu-item-206\"><a href=\"https:\/\/www.tungshinaluminum.com\/vn\/products\/high-definition-net-aluminum-casting-rods\">Nh\u00f4m thanh \u0111\u00fac ch\u1ea5t l\u01b0\u1ee3ng cao<\/a><\/li>\n<li id=\"menu-item-207\" class=\"menu-item menu-item-type-post_type menu-item-object-page menu-item-207\"><a href=\"https:\/\/www.tungshinaluminum.com\/vn\/products\/aluminum-extrusion\">\u00c9p \u0111\u00f9n h\u1ee3p kim nh\u00f4m<\/a><\/li>\n<li id=\"menu-item-208\" class=\"menu-item menu-item-type-post_type menu-item-object-page menu-item-208\"><a href=\"https:\/\/www.tungshinaluminum.com\/vn\/products\/manufacturing-and-processinggc-mould-factory\">Gia C\u00f4ng<\/a><\/li>\n<li id=\"menu-item-209\" class=\"menu-item menu-item-type-post_type menu-item-object-page menu-item-209\"><a href=\"https:\/\/www.tungshinaluminum.com\/vn\/products\/surface-treatment\">X\u1eed l\u00fd b\u1ec1 m\u1eb7t<\/a><\/li>\n<li id=\"menu-item-210\" class=\"menu-item menu-item-type-post_type menu-item-object-page menu-item-210\"><a href=\"https:\/\/www.tungshinaluminum.com\/vn\/products\/industrial-applications\">\u1ee8ng d\u1ee5ng c\u00f4ng nghi\u1ec7p v\u00e0 x\u00e2y d\u1ef1ng<\/a><\/li>\n<li id=\"menu-item-317\" class=\"menu-item menu-item-type-post_type menu-item-object-page menu-item-317\"><a href=\"https:\/\/www.tungshinaluminum.com\/vn\/products\/inquire-about-product-information\">Th\u00f4ng tin s\u1ea3n ph\u1ea9m<\/a><\/li>\n<\/ul><\/div><\/aside>\t\t<aside id=\"flatsome_recent_posts-2\" class=\"widget flatsome_recent_posts\">\t\t<span class=\"widget-title\"><span>Tin t\u1ee9c<\/span><\/span><div class=\"is-divider small\"><\/div>\t\t<ul>\t\t\n\t\t\n\t\t<li class=\"recent-blog-posts-li\">\n\t\t\t<div class=\"flex-row recent-blog-posts align-top pt-half pb-half\">\n\t\t\t\t<div class=\"flex-col mr-half\">\n\t\t\t\t\t<div class=\"badge post-date  badge-square\">\n\t\t\t\t\t\t\t<div class=\"badge-inner bg-fill\" style=\"background: url(https:\/\/www.tungshinaluminum.com\/wp-content\/uploads\/2025\/04\/banner1-150x150.jpg); border:0;\">\n                                \t\t\t\t\t\t\t<\/div>\n\t\t\t\t\t<\/div>\n\t\t\t\t<\/div>\n\t\t\t\t<div class=\"flex-col flex-grow\">\n\t\t\t\t\t  <a href=\"https:\/\/www.tungshinaluminum.com\/vn\/gia-dau-cao-nhat-1-tuan-nhom-cao-nhat-1-thang\" title=\"08-11 Oct 2024 ALUMINIUM 2024 Exhibition Center Dusseldorf, Germany\">08-11 Oct 2024 ALUMINIUM 2024 Exhibition Center Dusseldorf, Germany<\/a>\n\t\t\t\t   \t  <span class=\"post_comments op-7 block is-xsmall\"><a href=\"https:\/\/www.tungshinaluminum.com\/vn\/gia-dau-cao-nhat-1-tuan-nhom-cao-nhat-1-thang#respond\"><\/a><\/span>\n\t\t\t\t<\/div>\n\t\t\t<\/div>\n\t\t<\/li>\n\t\t\n\t\t\n\t\t<li class=\"recent-blog-posts-li\">\n\t\t\t<div class=\"flex-row recent-blog-posts align-top pt-half pb-half\">\n\t\t\t\t<div class=\"flex-col mr-half\">\n\t\t\t\t\t<div class=\"badge post-date  badge-square\">\n\t\t\t\t\t\t\t<div class=\"badge-inner bg-fill\" style=\"background: url(https:\/\/www.tungshinaluminum.com\/wp-content\/uploads\/2025\/04\/banner2-150x150.png); border:0;\">\n                                \t\t\t\t\t\t\t<\/div>\n\t\t\t\t\t<\/div>\n\t\t\t\t<\/div>\n\t\t\t\t<div class=\"flex-col flex-grow\">\n\t\t\t\t\t  <a href=\"https:\/\/www.tungshinaluminum.com\/vn\/gia-vang-dat-muc-cao-ky-luc-moi-dau-quay-dau-giam\" title=\"July 9~11  Tokyo Manufacturing World\">July 9~11  Tokyo Manufacturing World<\/a>\n\t\t\t\t   \t  <span class=\"post_comments op-7 block is-xsmall\"><a href=\"https:\/\/www.tungshinaluminum.com\/vn\/gia-vang-dat-muc-cao-ky-luc-moi-dau-quay-dau-giam#respond\"><\/a><\/span>\n\t\t\t\t<\/div>\n\t\t\t<\/div>\n\t\t<\/li>\n\t\t\t\t<\/ul>\t\t<\/aside><\/ul>\n\t\t<\/div>\n\t\t<\/div><\/div>\t\t\t<\/div>\n\n\t\n<\/div>\n\t\t<\/div>\n\n\t\t\n<style>\n#section_2095185633 {\n  padding-top: 50px;\n  padding-bottom: 50px;\n}\n<\/style>\n\t<\/section>","protected":false},"excerpt":{"rendered":"","protected":false},"author":1,"featured_media":577,"parent":320,"menu_order":0,"comment_status":"closed","ping_status":"closed","template":"page-blank.php","meta":{"footnotes":""},"class_list":["post-576","page","type-page","status-publish","has-post-thumbnail","hentry"],"_links":{"self":[{"href":"https:\/\/www.tungshinaluminum.com\/vn\/wp-json\/wp\/v2\/pages\/576","targetHints":{"allow":["GET"]}}],"collection":[{"href":"https:\/\/www.tungshinaluminum.com\/vn\/wp-json\/wp\/v2\/pages"}],"about":[{"href":"https:\/\/www.tungshinaluminum.com\/vn\/wp-json\/wp\/v2\/types\/page"}],"author":[{"embeddable":true,"href":"https:\/\/www.tungshinaluminum.com\/vn\/wp-json\/wp\/v2\/users\/1"}],"replies":[{"embeddable":true,"href":"https:\/\/www.tungshinaluminum.com\/vn\/wp-json\/wp\/v2\/comments?post=576"}],"version-history":[{"count":3,"href":"https:\/\/www.tungshinaluminum.com\/vn\/wp-json\/wp\/v2\/pages\/576\/revisions"}],"predecessor-version":[{"id":1319,"href":"https:\/\/www.tungshinaluminum.com\/vn\/wp-json\/wp\/v2\/pages\/576\/revisions\/1319"}],"up":[{"embeddable":true,"href":"https:\/\/www.tungshinaluminum.com\/vn\/wp-json\/wp\/v2\/pages\/320"}],"wp:featuredmedia":[{"embeddable":true,"href":"https:\/\/www.tungshinaluminum.com\/vn\/wp-json\/wp\/v2\/media\/577"}],"wp:attachment":[{"href":"https:\/\/www.tungshinaluminum.com\/vn\/wp-json\/wp\/v2\/media?parent=576"}],"curies":[{"name":"wp","href":"https:\/\/api.w.org\/{rel}","templated":true}]}}