{"id":573,"date":"2025-05-01T00:03:31","date_gmt":"2025-05-01T00:03:31","guid":{"rendered":"https:\/\/www.tungshinaluminum.com\/?page_id=573"},"modified":"2025-06-11T04:52:43","modified_gmt":"2025-06-11T04:52:43","slug":"conflict-free-minerals","status":"publish","type":"page","link":"https:\/\/www.tungshinaluminum.com\/vn\/social-responsibility\/conflict-free-minerals","title":{"rendered":"Kho\u00e1ng s\u1ea3n kh\u00f4ng xung \u0111\u1ed9t"},"content":{"rendered":"<div id=\"page-header-1268482735\" class=\"page-header-wrapper\">\n  <div class=\"page-title dark featured-title\">\n\n        <div class=\"page-title-bg\">\n      <div class=\"title-bg fill bg-fill\"\n        data-parallax-container=\".page-title\"\n        data-parallax-background\n data-parallax=\"-\">\n      <\/div>\n      <div class=\"title-overlay fill\"><\/div>\n    <\/div>\n    \n    <div class=\"page-title-inner container align-center text-center flex-row-col medium-flex-wrap\" >\n              <div class=\"title-wrapper flex-col\">\n          <h1 class=\"entry-title mb-0\">\n            Kho\u00e1ng s\u1ea3n kh\u00f4ng xung \u0111\u1ed9t          <\/h1>\n        <\/div>\n                    <div class=\"title-content flex-col\">\n        <div class=\"title-breadcrumbs pb-half pt-half\"><\/div>      <\/div>\n    <\/div>\n\n     \n<style>\n#page-header-1268482735 .page-title-inner {\n  min-height: 450px;\n}\n#page-header-1268482735 .title-bg {\n  background-image: url(https:\/\/www.tungshinaluminum.com\/wp-content\/uploads\/2025\/05\/25-ukraine-mineral-wwk-bmkq-jumbo-1740701204055.webp);\n}\n#page-header-1268482735 .featured-title {\n  background-color: #ffffff;\n}\n<\/style>\n  <\/div>\n    <\/div>\n  \n\n\t<section class=\"section\" id=\"section_913179615\">\n\t\t<div class=\"section-bg fill\" >\n\t\t\t\t\t\t\t\t\t\n\t\t\t\n\n\t\t<\/div>\n\n\t\t\n\n\t\t<div class=\"section-content relative\">\n\t\t\t\n<div class=\"row\"  id=\"row-427344756\">\n\n\t<div id=\"col-914675122\" class=\"col medium-9 small-12 large-9\"  >\n\t\t\t\t<div class=\"col-inner\"  >\n\t\t\t\n\t\t\t\n<h3>Ch\u00ednh s\u00e1ch Khai th\u00e1c Kho\u00e1ng s\u1ea3n Kh\u00f4ng Xung \u0111\u1ed9t<\/h3>\n<p>C\u00f4ng ty TNHH C\u00f4ng nghi\u1ec7p Tung Shin \u1ee7ng h\u1ed9 vi\u1ec7c khai th\u00e1c kho\u00e1ng s\u1ea3n c\u00f3 tr\u00e1ch nhi\u1ec7m nh\u1eb1m b\u1ea3o v\u1ec7 quy\u1ec1n con ng\u01b0\u1eddi v\u00e0 tr\u00e1nh h\u1ed7 tr\u1ee3 c\u00e1c ho\u1ea1t \u0111\u1ed9ng b\u1ea5t h\u1ee3p ph\u00e1p trong c\u00e1c v\u00f9ng xung \u0111\u1ed9t. Ch\u00fang t\u00f4i \u1ee7ng h\u1ed9 Li\u00ean minh Kinh doanh Tr\u00e1ch nhi\u1ec7m (RBA) v\u00e0 \u0110\u1ec1 xu\u1ea5t To\u00e0n c\u1ea7u v\u1ec1 B\u1ec1n v\u1eefng \u0111i\u1ec7n t\u1eed (GeSi) cho vi\u1ec7c mua s\u1eafm kho\u00e1ng s\u1ea3n c\u00f3 tr\u00e1ch nhi\u1ec7m, tu\u00e2n th\u1ee7 h\u01b0\u1edbng d\u1eabn c\u1ee7a S\u00e1ng ki\u1ebfn Kho\u00e1ng s\u1ea3n Tr\u00e1ch nhi\u1ec7m (RMI) v\u00e0 th\u1ef1c hi\u1ec7n tr\u00e1ch nhi\u1ec7m x\u00e3 h\u1ed9i.<\/p>\n<h3>Ch\u00fang t\u00f4i cam k\u1ebft:<br \/>Kh\u00f4ng mua c\u00e1c lo\u1ea1i kim lo\u1ea1i xung \u0111\u1ed9t \u0111\u01b0\u1ee3c s\u1ea3n xu\u1ea5t trong c\u00e1c v\u00f9ng xung \u0111\u1ed9t v\u00e0 v\u00f9ng cao r\u1ee7i ro.<br \/>Y\u00eau c\u1ea7u nh\u00e0 cung c\u1ea5p c\u1ee7a ch\u00fang t\u00f4i kh\u00f4ng s\u1eed d\u1ee5ng kim lo\u1ea1i xung \u0111\u1ed9t t\u1eeb c\u00e1c v\u00f9ng xung \u0111\u1ed9t v\u00e0 v\u00f9ng r\u1ee7i ro cao.<\/h3>\n\t<div class=\"img has-hover x md-x lg-x y md-y lg-y\" id=\"image_1981319748\">\n\t\t\t\t\t\t\t\t<div class=\"img-inner dark\" >\n\t\t\t<img loading=\"lazy\" decoding=\"async\" width=\"1020\" height=\"679\" src=\"https:\/\/www.tungshinaluminum.com\/wp-content\/uploads\/2025\/05\/25-ukraine-mineral-wwk-bmkq-jumbo-1740701204055.webp\" class=\"attachment-large size-large\" alt=\"\" srcset=\"https:\/\/www.tungshinaluminum.com\/wp-content\/uploads\/2025\/05\/25-ukraine-mineral-wwk-bmkq-jumbo-1740701204055.webp 1020w, https:\/\/www.tungshinaluminum.com\/wp-content\/uploads\/2025\/05\/25-ukraine-mineral-wwk-bmkq-jumbo-1740701204055-300x200.webp 300w, https:\/\/www.tungshinaluminum.com\/wp-content\/uploads\/2025\/05\/25-ukraine-mineral-wwk-bmkq-jumbo-1740701204055-768x511.webp 768w, https:\/\/www.tungshinaluminum.com\/wp-content\/uploads\/2025\/05\/25-ukraine-mineral-wwk-bmkq-jumbo-1740701204055-18x12.webp 18w\" sizes=\"auto, (max-width: 1020px) 100vw, 1020px\" \/>\t\t\t\t\t\t\n\t\t\t\t\t<\/div>\n\t\t\t\t\t\t\t\t\n<style>\n#image_1981319748 {\n  width: 100%;\n}\n<\/style>\n\t<\/div>\n\t\n\t\t<\/div>\n\t\t\t\t\t<\/div>\n\n\t\n\n\t<div id=\"col-2080966113\" class=\"col medium-3 small-12 large-3\"  >\n\t\t<div class=\"is-sticky-column\"><div class=\"is-sticky-column__inner\">\t\t<div class=\"col-inner\"  >\n\t\t\t\n\t\t\t\n<ul class=\"sidebar-wrapper ul-reset\"><aside id=\"nav_menu-2\" class=\"widget widget_nav_menu\"><span class=\"widget-title\"><span>S\u1ea3n ph\u1ea9m<\/span><\/span><div class=\"is-divider small\"><\/div><div class=\"menu-san-pham-container\"><ul id=\"menu-san-pham\" class=\"menu\"><li id=\"menu-item-206\" class=\"menu-item menu-item-type-post_type menu-item-object-page menu-item-206\"><a href=\"https:\/\/www.tungshinaluminum.com\/vn\/products\/high-definition-net-aluminum-casting-rods\">Nh\u00f4m thanh \u0111\u00fac ch\u1ea5t l\u01b0\u1ee3ng cao<\/a><\/li>\n<li id=\"menu-item-207\" class=\"menu-item menu-item-type-post_type menu-item-object-page menu-item-207\"><a href=\"https:\/\/www.tungshinaluminum.com\/vn\/products\/aluminum-extrusion\">\u00c9p \u0111\u00f9n h\u1ee3p kim nh\u00f4m<\/a><\/li>\n<li id=\"menu-item-208\" class=\"menu-item menu-item-type-post_type menu-item-object-page menu-item-208\"><a href=\"https:\/\/www.tungshinaluminum.com\/vn\/products\/manufacturing-and-processinggc-mould-factory\">Gia C\u00f4ng<\/a><\/li>\n<li id=\"menu-item-209\" class=\"menu-item menu-item-type-post_type menu-item-object-page menu-item-209\"><a href=\"https:\/\/www.tungshinaluminum.com\/vn\/products\/surface-treatment\">X\u1eed l\u00fd b\u1ec1 m\u1eb7t<\/a><\/li>\n<li id=\"menu-item-210\" class=\"menu-item menu-item-type-post_type menu-item-object-page menu-item-210\"><a href=\"https:\/\/www.tungshinaluminum.com\/vn\/products\/industrial-applications\">\u1ee8ng d\u1ee5ng c\u00f4ng nghi\u1ec7p v\u00e0 x\u00e2y d\u1ef1ng<\/a><\/li>\n<li id=\"menu-item-317\" class=\"menu-item menu-item-type-post_type menu-item-object-page menu-item-317\"><a href=\"https:\/\/www.tungshinaluminum.com\/vn\/products\/inquire-about-product-information\">Th\u00f4ng tin s\u1ea3n ph\u1ea9m<\/a><\/li>\n<\/ul><\/div><\/aside>\t\t<aside id=\"flatsome_recent_posts-2\" class=\"widget flatsome_recent_posts\">\t\t<span class=\"widget-title\"><span>Tin t\u1ee9c<\/span><\/span><div class=\"is-divider small\"><\/div>\t\t<ul>\t\t\n\t\t\n\t\t<li class=\"recent-blog-posts-li\">\n\t\t\t<div class=\"flex-row recent-blog-posts align-top pt-half pb-half\">\n\t\t\t\t<div class=\"flex-col mr-half\">\n\t\t\t\t\t<div class=\"badge post-date  badge-square\">\n\t\t\t\t\t\t\t<div class=\"badge-inner bg-fill\" style=\"background: url(https:\/\/www.tungshinaluminum.com\/wp-content\/uploads\/2025\/04\/banner1-150x150.jpg); border:0;\">\n                                \t\t\t\t\t\t\t<\/div>\n\t\t\t\t\t<\/div>\n\t\t\t\t<\/div>\n\t\t\t\t<div class=\"flex-col flex-grow\">\n\t\t\t\t\t  <a href=\"https:\/\/www.tungshinaluminum.com\/vn\/gia-dau-cao-nhat-1-tuan-nhom-cao-nhat-1-thang\" title=\"08-11 Oct 2024 ALUMINIUM 2024 Exhibition Center Dusseldorf, Germany\">08-11 Oct 2024 ALUMINIUM 2024 Exhibition Center Dusseldorf, Germany<\/a>\n\t\t\t\t   \t  <span class=\"post_comments op-7 block is-xsmall\"><a href=\"https:\/\/www.tungshinaluminum.com\/vn\/gia-dau-cao-nhat-1-tuan-nhom-cao-nhat-1-thang#respond\"><\/a><\/span>\n\t\t\t\t<\/div>\n\t\t\t<\/div>\n\t\t<\/li>\n\t\t\n\t\t\n\t\t<li class=\"recent-blog-posts-li\">\n\t\t\t<div class=\"flex-row recent-blog-posts align-top pt-half pb-half\">\n\t\t\t\t<div class=\"flex-col mr-half\">\n\t\t\t\t\t<div class=\"badge post-date  badge-square\">\n\t\t\t\t\t\t\t<div class=\"badge-inner bg-fill\" style=\"background: url(https:\/\/www.tungshinaluminum.com\/wp-content\/uploads\/2025\/04\/banner2-150x150.png); border:0;\">\n                                \t\t\t\t\t\t\t<\/div>\n\t\t\t\t\t<\/div>\n\t\t\t\t<\/div>\n\t\t\t\t<div class=\"flex-col flex-grow\">\n\t\t\t\t\t  <a href=\"https:\/\/www.tungshinaluminum.com\/vn\/gia-vang-dat-muc-cao-ky-luc-moi-dau-quay-dau-giam\" title=\"July 9~11  Tokyo Manufacturing World\">July 9~11  Tokyo Manufacturing World<\/a>\n\t\t\t\t   \t  <span class=\"post_comments op-7 block is-xsmall\"><a href=\"https:\/\/www.tungshinaluminum.com\/vn\/gia-vang-dat-muc-cao-ky-luc-moi-dau-quay-dau-giam#respond\"><\/a><\/span>\n\t\t\t\t<\/div>\n\t\t\t<\/div>\n\t\t<\/li>\n\t\t\t\t<\/ul>\t\t<\/aside><\/ul>\n\t\t<\/div>\n\t\t<\/div><\/div>\t\t\t<\/div>\n\n\t\n<\/div>\n\t\t<\/div>\n\n\t\t\n<style>\n#section_913179615 {\n  padding-top: 50px;\n  padding-bottom: 50px;\n}\n<\/style>\n\t<\/section>","protected":false},"excerpt":{"rendered":"","protected":false},"author":1,"featured_media":583,"parent":320,"menu_order":0,"comment_status":"closed","ping_status":"closed","template":"page-blank.php","meta":{"footnotes":""},"class_list":["post-573","page","type-page","status-publish","has-post-thumbnail","hentry"],"_links":{"self":[{"href":"https:\/\/www.tungshinaluminum.com\/vn\/wp-json\/wp\/v2\/pages\/573","targetHints":{"allow":["GET"]}}],"collection":[{"href":"https:\/\/www.tungshinaluminum.com\/vn\/wp-json\/wp\/v2\/pages"}],"about":[{"href":"https:\/\/www.tungshinaluminum.com\/vn\/wp-json\/wp\/v2\/types\/page"}],"author":[{"embeddable":true,"href":"https:\/\/www.tungshinaluminum.com\/vn\/wp-json\/wp\/v2\/users\/1"}],"replies":[{"embeddable":true,"href":"https:\/\/www.tungshinaluminum.com\/vn\/wp-json\/wp\/v2\/comments?post=573"}],"version-history":[{"count":4,"href":"https:\/\/www.tungshinaluminum.com\/vn\/wp-json\/wp\/v2\/pages\/573\/revisions"}],"predecessor-version":[{"id":1318,"href":"https:\/\/www.tungshinaluminum.com\/vn\/wp-json\/wp\/v2\/pages\/573\/revisions\/1318"}],"up":[{"embeddable":true,"href":"https:\/\/www.tungshinaluminum.com\/vn\/wp-json\/wp\/v2\/pages\/320"}],"wp:featuredmedia":[{"embeddable":true,"href":"https:\/\/www.tungshinaluminum.com\/vn\/wp-json\/wp\/v2\/media\/583"}],"wp:attachment":[{"href":"https:\/\/www.tungshinaluminum.com\/vn\/wp-json\/wp\/v2\/media?parent=573"}],"curies":[{"name":"wp","href":"https:\/\/api.w.org\/{rel}","templated":true}]}}