{"id":570,"date":"2025-05-01T00:02:02","date_gmt":"2025-05-01T00:02:02","guid":{"rendered":"https:\/\/www.tungshinaluminum.com\/?page_id=570"},"modified":"2025-06-11T04:54:08","modified_gmt":"2025-06-11T04:54:08","slug":"social-prosperity","status":"publish","type":"page","link":"https:\/\/www.tungshinaluminum.com\/vn\/social-responsibility\/social-prosperity","title":{"rendered":"Th\u1ecbnh v\u01b0\u1ee3ng x\u00e3 h\u1ed9i"},"content":{"rendered":"<div id=\"page-header-565503790\" class=\"page-header-wrapper\">\n  <div class=\"page-title dark featured-title\">\n\n        <div class=\"page-title-bg\">\n      <div class=\"title-bg fill bg-fill\"\n        data-parallax-container=\".page-title\"\n        data-parallax-background\n data-parallax=\"-\">\n      <\/div>\n      <div class=\"title-overlay fill\"><\/div>\n    <\/div>\n    \n    <div class=\"page-title-inner container align-center text-center flex-row-col medium-flex-wrap\" >\n              <div class=\"title-wrapper flex-col\">\n          <h1 class=\"entry-title mb-0\">\n            Th\u1ecbnh v\u01b0\u1ee3ng x\u00e3 h\u1ed9i          <\/h1>\n        <\/div>\n                    <div class=\"title-content flex-col\">\n        <div class=\"title-breadcrumbs pb-half pt-half\"><\/div>      <\/div>\n    <\/div>\n\n     \n<style>\n#page-header-565503790 .page-title-inner {\n  min-height: 450px;\n}\n#page-header-565503790 .title-bg {\n  background-image: url(https:\/\/www.tungshinaluminum.com\/wp-content\/uploads\/2025\/05\/social-1.png);\n}\n#page-header-565503790 .featured-title {\n  background-color: #ffffff;\n}\n<\/style>\n  <\/div>\n    <\/div>\n  \n\n\t<section class=\"section\" id=\"section_1737803103\">\n\t\t<div class=\"section-bg fill\" >\n\t\t\t\t\t\t\t\t\t\n\t\t\t\n\n\t\t<\/div>\n\n\t\t\n\n\t\t<div class=\"section-content relative\">\n\t\t\t\n<div class=\"row\"  id=\"row-419195806\">\n\n\t<div id=\"col-190075104\" class=\"col medium-9 small-12 large-9\"  >\n\t\t\t\t<div class=\"col-inner\"  >\n\t\t\t\n\t\t\t\n<h3>C\u00f4ng ty TNHH C\u00f4ng nghi\u1ec7p Tung Shin kh\u00f4ng ch\u1ec9 tham gia v\u00e0o ho\u1ea1t \u0111\u1ed9ng doanh nghi\u1ec7p m\u00e0 c\u00f2n th\u01b0\u1eddng xuy\u00ean t\u01b0\u01a1ng t\u00e1c v\u1edbi c\u00e1c tr\u01b0\u1eddng \u0111\u1ecba ph\u01b0\u01a1ng. M\u1ee5c ti\u00eau c\u1ee7a s\u1ef1 t\u01b0\u01a1ng t\u00e1c n\u00e0y l\u00e0 gi\u00fap sinh vi\u00ean hi\u1ec3u r\u00f5 v\u1ec1 \u0111\u1eb7c t\u00ednh c\u1ee7a ng\u00e0nh c\u00f4ng nghi\u1ec7p v\u00e0 c\u00e1c y\u00eau c\u1ea7u \u0111\u1ec3 tham gia v\u00e0o ng\u00e0nh c\u00f4ng nghi\u1ec7p kim lo\u1ea1i. \u0110\u1ed3ng th\u1eddi, \u0111i\u1ec1u n\u00e0y gi\u00fap c\u00f4ng ty duy tr\u00ec m\u1ed1i li\u00ean k\u1ebft ch\u1eb7t ch\u1ebd gi\u1eefa ng\u00e0nh c\u00f4ng nghi\u1ec7p v\u00e0 gi\u00e1o d\u1ee5c, t\u1eeb \u0111\u00f3 t\u1ea1o \u0111i\u1ec1u ki\u1ec7n cho vi\u1ec7c trao \u0111\u1ed5i th\u01b0\u1eddng xuy\u00ean v\u1edbi c\u00e1c tr\u01b0\u1eddng \u0111\u1ecba ph\u01b0\u01a1ng.<\/h3>\n<p>\u00a0<\/p>\n\n  \n    <div class=\"row large-columns-2 medium-columns- small-columns-\" >\n  <div class=\"gallery-col col\" >\n          <div class=\"col-inner\">\n            <a class=\"image-lightbox lightbox-gallery\" href=\"https:\/\/www.tungshinaluminum.com\/wp-content\/uploads\/2025\/05\/DOC260525-260520250856571-723x1024.jpg\" title=\"\">            <div class=\"box has-hover gallery-box box-overlay dark\">\n              <div class=\"box-image\" >\n                <img loading=\"lazy\" decoding=\"async\" width=\"212\" height=\"300\" src=\"https:\/\/www.tungshinaluminum.com\/wp-content\/uploads\/2025\/05\/DOC260525-260520250856571-212x300.jpg\" class=\"attachment-medium size-medium\" alt=\"\" ids=\"1071,1072,1070,1073,1074,1076,1075\" columns=\"2\" srcset=\"https:\/\/www.tungshinaluminum.com\/wp-content\/uploads\/2025\/05\/DOC260525-260520250856571-212x300.jpg 212w, https:\/\/www.tungshinaluminum.com\/wp-content\/uploads\/2025\/05\/DOC260525-260520250856571-723x1024.jpg 723w, https:\/\/www.tungshinaluminum.com\/wp-content\/uploads\/2025\/05\/DOC260525-260520250856571-768x1088.jpg 768w, https:\/\/www.tungshinaluminum.com\/wp-content\/uploads\/2025\/05\/DOC260525-260520250856571-8x12.jpg 8w, https:\/\/www.tungshinaluminum.com\/wp-content\/uploads\/2025\/05\/DOC260525-260520250856571.jpg 1024w\" sizes=\"auto, (max-width: 212px) 100vw, 212px\" \/>                                  <div class=\"overlay fill\"\n                      style=\"background-color: rgba(0,0,0,.15)\">\n                  <\/div>\n                                                              <\/div>\n              <div class=\"box-text text-left\" >\n                 <p><\/p>\n              <\/div>\n            <\/div>\n            <\/a>          <\/div>\n         <\/div><div class=\"gallery-col col\" >\n          <div class=\"col-inner\">\n            <a class=\"image-lightbox lightbox-gallery\" href=\"https:\/\/www.tungshinaluminum.com\/wp-content\/uploads\/2025\/05\/DOC260525-260520250858061-723x1024.jpg\" title=\"\">            <div class=\"box has-hover gallery-box box-overlay dark\">\n              <div class=\"box-image\" >\n                <img loading=\"lazy\" decoding=\"async\" width=\"212\" height=\"300\" src=\"https:\/\/www.tungshinaluminum.com\/wp-content\/uploads\/2025\/05\/DOC260525-260520250858061-212x300.jpg\" class=\"attachment-medium size-medium\" alt=\"\" ids=\"1071,1072,1070,1073,1074,1076,1075\" columns=\"2\" srcset=\"https:\/\/www.tungshinaluminum.com\/wp-content\/uploads\/2025\/05\/DOC260525-260520250858061-212x300.jpg 212w, https:\/\/www.tungshinaluminum.com\/wp-content\/uploads\/2025\/05\/DOC260525-260520250858061-723x1024.jpg 723w, https:\/\/www.tungshinaluminum.com\/wp-content\/uploads\/2025\/05\/DOC260525-260520250858061-768x1088.jpg 768w, https:\/\/www.tungshinaluminum.com\/wp-content\/uploads\/2025\/05\/DOC260525-260520250858061-8x12.jpg 8w, https:\/\/www.tungshinaluminum.com\/wp-content\/uploads\/2025\/05\/DOC260525-260520250858061.jpg 1024w\" sizes=\"auto, (max-width: 212px) 100vw, 212px\" \/>                                  <div class=\"overlay fill\"\n                      style=\"background-color: rgba(0,0,0,.15)\">\n                  <\/div>\n                                                              <\/div>\n              <div class=\"box-text text-left\" >\n                 <p><\/p>\n              <\/div>\n            <\/div>\n            <\/a>          <\/div>\n         <\/div><div class=\"gallery-col col\" >\n          <div class=\"col-inner\">\n            <a class=\"image-lightbox lightbox-gallery\" href=\"https:\/\/www.tungshinaluminum.com\/wp-content\/uploads\/2025\/05\/DOC260525-260520250919151.jpg\" title=\"\">            <div class=\"box has-hover gallery-box box-overlay dark\">\n              <div class=\"box-image\" >\n                <img loading=\"lazy\" decoding=\"async\" width=\"300\" height=\"212\" src=\"https:\/\/www.tungshinaluminum.com\/wp-content\/uploads\/2025\/05\/DOC260525-260520250919151-300x212.jpg\" class=\"attachment-medium size-medium\" alt=\"\" ids=\"1071,1072,1070,1073,1074,1076,1075\" columns=\"2\" srcset=\"https:\/\/www.tungshinaluminum.com\/wp-content\/uploads\/2025\/05\/DOC260525-260520250919151-300x212.jpg 300w, https:\/\/www.tungshinaluminum.com\/wp-content\/uploads\/2025\/05\/DOC260525-260520250919151-768x542.jpg 768w, https:\/\/www.tungshinaluminum.com\/wp-content\/uploads\/2025\/05\/DOC260525-260520250919151-18x12.jpg 18w, https:\/\/www.tungshinaluminum.com\/wp-content\/uploads\/2025\/05\/DOC260525-260520250919151.jpg 1024w\" sizes=\"auto, (max-width: 300px) 100vw, 300px\" \/>                                  <div class=\"overlay fill\"\n                      style=\"background-color: rgba(0,0,0,.15)\">\n                  <\/div>\n                                                              <\/div>\n              <div class=\"box-text text-left\" >\n                 <p><\/p>\n              <\/div>\n            <\/div>\n            <\/a>          <\/div>\n         <\/div><div class=\"gallery-col col\" >\n          <div class=\"col-inner\">\n            <a class=\"image-lightbox lightbox-gallery\" href=\"https:\/\/www.tungshinaluminum.com\/wp-content\/uploads\/2025\/05\/695048_0-1024x768.jpg\" title=\"\">            <div class=\"box has-hover gallery-box box-overlay dark\">\n              <div class=\"box-image\" >\n                <img loading=\"lazy\" decoding=\"async\" width=\"300\" height=\"225\" src=\"https:\/\/www.tungshinaluminum.com\/wp-content\/uploads\/2025\/05\/695048_0-300x225.jpg\" class=\"attachment-medium size-medium\" alt=\"\" ids=\"1071,1072,1070,1073,1074,1076,1075\" columns=\"2\" srcset=\"https:\/\/www.tungshinaluminum.com\/wp-content\/uploads\/2025\/05\/695048_0-300x225.jpg 300w, https:\/\/www.tungshinaluminum.com\/wp-content\/uploads\/2025\/05\/695048_0-1024x768.jpg 1024w, https:\/\/www.tungshinaluminum.com\/wp-content\/uploads\/2025\/05\/695048_0-768x576.jpg 768w, https:\/\/www.tungshinaluminum.com\/wp-content\/uploads\/2025\/05\/695048_0-16x12.jpg 16w, https:\/\/www.tungshinaluminum.com\/wp-content\/uploads\/2025\/05\/695048_0.jpg 1477w\" sizes=\"auto, (max-width: 300px) 100vw, 300px\" \/>                                  <div class=\"overlay fill\"\n                      style=\"background-color: rgba(0,0,0,.15)\">\n                  <\/div>\n                                                              <\/div>\n              <div class=\"box-text text-left\" >\n                 <p><\/p>\n              <\/div>\n            <\/div>\n            <\/a>          <\/div>\n         <\/div><div class=\"gallery-col col\" >\n          <div class=\"col-inner\">\n            <a class=\"image-lightbox lightbox-gallery\" href=\"https:\/\/www.tungshinaluminum.com\/wp-content\/uploads\/2025\/05\/695046_0-1024x767.jpg\" title=\"\">            <div class=\"box has-hover gallery-box box-overlay dark\">\n              <div class=\"box-image\" >\n                <img loading=\"lazy\" decoding=\"async\" width=\"300\" height=\"225\" src=\"https:\/\/www.tungshinaluminum.com\/wp-content\/uploads\/2025\/05\/695046_0-300x225.jpg\" class=\"attachment-medium size-medium\" alt=\"\" ids=\"1071,1072,1070,1073,1074,1076,1075\" columns=\"2\" srcset=\"https:\/\/www.tungshinaluminum.com\/wp-content\/uploads\/2025\/05\/695046_0-300x225.jpg 300w, https:\/\/www.tungshinaluminum.com\/wp-content\/uploads\/2025\/05\/695046_0-1024x767.jpg 1024w, https:\/\/www.tungshinaluminum.com\/wp-content\/uploads\/2025\/05\/695046_0-768x575.jpg 768w, https:\/\/www.tungshinaluminum.com\/wp-content\/uploads\/2025\/05\/695046_0-16x12.jpg 16w, https:\/\/www.tungshinaluminum.com\/wp-content\/uploads\/2025\/05\/695046_0.jpg 1109w\" sizes=\"auto, (max-width: 300px) 100vw, 300px\" \/>                                  <div class=\"overlay fill\"\n                      style=\"background-color: rgba(0,0,0,.15)\">\n                  <\/div>\n                                                              <\/div>\n              <div class=\"box-text text-left\" >\n                 <p><\/p>\n              <\/div>\n            <\/div>\n            <\/a>          <\/div>\n         <\/div><div class=\"gallery-col col\" >\n          <div class=\"col-inner\">\n            <a class=\"image-lightbox lightbox-gallery\" href=\"https:\/\/www.tungshinaluminum.com\/wp-content\/uploads\/2025\/05\/695045_0-1024x767.jpg\" title=\"\">            <div class=\"box has-hover gallery-box box-overlay dark\">\n              <div class=\"box-image\" >\n                <img loading=\"lazy\" decoding=\"async\" width=\"300\" height=\"225\" src=\"https:\/\/www.tungshinaluminum.com\/wp-content\/uploads\/2025\/05\/695045_0-300x225.jpg\" class=\"attachment-medium size-medium\" alt=\"\" ids=\"1071,1072,1070,1073,1074,1076,1075\" columns=\"2\" srcset=\"https:\/\/www.tungshinaluminum.com\/wp-content\/uploads\/2025\/05\/695045_0-300x225.jpg 300w, https:\/\/www.tungshinaluminum.com\/wp-content\/uploads\/2025\/05\/695045_0-1024x767.jpg 1024w, https:\/\/www.tungshinaluminum.com\/wp-content\/uploads\/2025\/05\/695045_0-768x575.jpg 768w, https:\/\/www.tungshinaluminum.com\/wp-content\/uploads\/2025\/05\/695045_0-16x12.jpg 16w, https:\/\/www.tungshinaluminum.com\/wp-content\/uploads\/2025\/05\/695045_0.jpg 1109w\" sizes=\"auto, (max-width: 300px) 100vw, 300px\" \/>                                  <div class=\"overlay fill\"\n                      style=\"background-color: rgba(0,0,0,.15)\">\n                  <\/div>\n                                                              <\/div>\n              <div class=\"box-text text-left\" >\n                 <p><\/p>\n              <\/div>\n            <\/div>\n            <\/a>          <\/div>\n         <\/div><div class=\"gallery-col col\" >\n          <div class=\"col-inner\">\n            <a class=\"image-lightbox lightbox-gallery\" href=\"https:\/\/www.tungshinaluminum.com\/wp-content\/uploads\/2025\/05\/695047_0-1024x767.jpg\" title=\"\">            <div class=\"box has-hover gallery-box box-overlay dark\">\n              <div class=\"box-image\" >\n                <img loading=\"lazy\" decoding=\"async\" width=\"300\" height=\"225\" src=\"https:\/\/www.tungshinaluminum.com\/wp-content\/uploads\/2025\/05\/695047_0-300x225.jpg\" class=\"attachment-medium size-medium\" alt=\"\" ids=\"1071,1072,1070,1073,1074,1076,1075\" columns=\"2\" srcset=\"https:\/\/www.tungshinaluminum.com\/wp-content\/uploads\/2025\/05\/695047_0-300x225.jpg 300w, https:\/\/www.tungshinaluminum.com\/wp-content\/uploads\/2025\/05\/695047_0-1024x767.jpg 1024w, https:\/\/www.tungshinaluminum.com\/wp-content\/uploads\/2025\/05\/695047_0-768x575.jpg 768w, https:\/\/www.tungshinaluminum.com\/wp-content\/uploads\/2025\/05\/695047_0-16x12.jpg 16w, https:\/\/www.tungshinaluminum.com\/wp-content\/uploads\/2025\/05\/695047_0.jpg 1109w\" sizes=\"auto, (max-width: 300px) 100vw, 300px\" \/>                                  <div class=\"overlay fill\"\n                      style=\"background-color: rgba(0,0,0,.15)\">\n                  <\/div>\n                                                              <\/div>\n              <div class=\"box-text text-left\" >\n                 <p><\/p>\n              <\/div>\n            <\/div>\n            <\/a>          <\/div>\n         <\/div><\/div>\n\t\t<\/div>\n\t\t\t\t\t<\/div>\n\n\t\n\n\t<div id=\"col-137855077\" class=\"col medium-3 small-12 large-3\"  >\n\t\t<div class=\"is-sticky-column\"><div class=\"is-sticky-column__inner\">\t\t<div class=\"col-inner\"  >\n\t\t\t\n\t\t\t\n<ul class=\"sidebar-wrapper ul-reset\"><aside id=\"nav_menu-2\" class=\"widget widget_nav_menu\"><span class=\"widget-title\"><span>S\u1ea3n ph\u1ea9m<\/span><\/span><div class=\"is-divider small\"><\/div><div class=\"menu-san-pham-container\"><ul id=\"menu-san-pham\" class=\"menu\"><li id=\"menu-item-206\" class=\"menu-item menu-item-type-post_type menu-item-object-page menu-item-206\"><a href=\"https:\/\/www.tungshinaluminum.com\/vn\/products\/high-definition-net-aluminum-casting-rods\">Nh\u00f4m thanh \u0111\u00fac ch\u1ea5t l\u01b0\u1ee3ng cao<\/a><\/li>\n<li id=\"menu-item-207\" class=\"menu-item menu-item-type-post_type menu-item-object-page menu-item-207\"><a href=\"https:\/\/www.tungshinaluminum.com\/vn\/products\/aluminum-extrusion\">\u00c9p \u0111\u00f9n h\u1ee3p kim nh\u00f4m<\/a><\/li>\n<li id=\"menu-item-208\" class=\"menu-item menu-item-type-post_type menu-item-object-page menu-item-208\"><a href=\"https:\/\/www.tungshinaluminum.com\/vn\/products\/manufacturing-and-processinggc-mould-factory\">Gia C\u00f4ng<\/a><\/li>\n<li id=\"menu-item-209\" class=\"menu-item menu-item-type-post_type menu-item-object-page menu-item-209\"><a href=\"https:\/\/www.tungshinaluminum.com\/vn\/products\/surface-treatment\">X\u1eed l\u00fd b\u1ec1 m\u1eb7t<\/a><\/li>\n<li id=\"menu-item-210\" class=\"menu-item menu-item-type-post_type menu-item-object-page menu-item-210\"><a href=\"https:\/\/www.tungshinaluminum.com\/vn\/products\/industrial-applications\">\u1ee8ng d\u1ee5ng c\u00f4ng nghi\u1ec7p v\u00e0 x\u00e2y d\u1ef1ng<\/a><\/li>\n<li id=\"menu-item-317\" class=\"menu-item menu-item-type-post_type menu-item-object-page menu-item-317\"><a href=\"https:\/\/www.tungshinaluminum.com\/vn\/products\/inquire-about-product-information\">Th\u00f4ng tin s\u1ea3n ph\u1ea9m<\/a><\/li>\n<\/ul><\/div><\/aside>\t\t<aside id=\"flatsome_recent_posts-2\" class=\"widget flatsome_recent_posts\">\t\t<span class=\"widget-title\"><span>Tin t\u1ee9c<\/span><\/span><div class=\"is-divider small\"><\/div>\t\t<ul>\t\t\n\t\t\n\t\t<li class=\"recent-blog-posts-li\">\n\t\t\t<div class=\"flex-row recent-blog-posts align-top pt-half pb-half\">\n\t\t\t\t<div class=\"flex-col mr-half\">\n\t\t\t\t\t<div class=\"badge post-date  badge-square\">\n\t\t\t\t\t\t\t<div class=\"badge-inner bg-fill\" style=\"background: url(https:\/\/www.tungshinaluminum.com\/wp-content\/uploads\/2025\/04\/banner1-150x150.jpg); border:0;\">\n                                \t\t\t\t\t\t\t<\/div>\n\t\t\t\t\t<\/div>\n\t\t\t\t<\/div>\n\t\t\t\t<div class=\"flex-col flex-grow\">\n\t\t\t\t\t  <a href=\"https:\/\/www.tungshinaluminum.com\/vn\/gia-dau-cao-nhat-1-tuan-nhom-cao-nhat-1-thang\" title=\"08-11 Oct 2024 ALUMINIUM 2024 Exhibition Center Dusseldorf, Germany\">08-11 Oct 2024 ALUMINIUM 2024 Exhibition Center Dusseldorf, Germany<\/a>\n\t\t\t\t   \t  <span class=\"post_comments op-7 block is-xsmall\"><a href=\"https:\/\/www.tungshinaluminum.com\/vn\/gia-dau-cao-nhat-1-tuan-nhom-cao-nhat-1-thang#respond\"><\/a><\/span>\n\t\t\t\t<\/div>\n\t\t\t<\/div>\n\t\t<\/li>\n\t\t\n\t\t\n\t\t<li class=\"recent-blog-posts-li\">\n\t\t\t<div class=\"flex-row recent-blog-posts align-top pt-half pb-half\">\n\t\t\t\t<div class=\"flex-col mr-half\">\n\t\t\t\t\t<div class=\"badge post-date  badge-square\">\n\t\t\t\t\t\t\t<div class=\"badge-inner bg-fill\" style=\"background: url(https:\/\/www.tungshinaluminum.com\/wp-content\/uploads\/2025\/04\/banner2-150x150.png); border:0;\">\n                                \t\t\t\t\t\t\t<\/div>\n\t\t\t\t\t<\/div>\n\t\t\t\t<\/div>\n\t\t\t\t<div class=\"flex-col flex-grow\">\n\t\t\t\t\t  <a href=\"https:\/\/www.tungshinaluminum.com\/vn\/gia-vang-dat-muc-cao-ky-luc-moi-dau-quay-dau-giam\" title=\"July 9~11  Tokyo Manufacturing World\">July 9~11  Tokyo Manufacturing World<\/a>\n\t\t\t\t   \t  <span class=\"post_comments op-7 block is-xsmall\"><a href=\"https:\/\/www.tungshinaluminum.com\/vn\/gia-vang-dat-muc-cao-ky-luc-moi-dau-quay-dau-giam#respond\"><\/a><\/span>\n\t\t\t\t<\/div>\n\t\t\t<\/div>\n\t\t<\/li>\n\t\t\t\t<\/ul>\t\t<\/aside><\/ul>\n\t\t<\/div>\n\t\t<\/div><\/div>\t\t\t<\/div>\n\n\t\n<\/div>\n\t\t<\/div>\n\n\t\t\n<style>\n#section_1737803103 {\n  padding-top: 50px;\n  padding-bottom: 50px;\n}\n<\/style>\n\t<\/section>","protected":false},"excerpt":{"rendered":"","protected":false},"author":1,"featured_media":571,"parent":320,"menu_order":0,"comment_status":"closed","ping_status":"closed","template":"page-blank.php","meta":{"footnotes":""},"class_list":["post-570","page","type-page","status-publish","has-post-thumbnail","hentry"],"_links":{"self":[{"href":"https:\/\/www.tungshinaluminum.com\/vn\/wp-json\/wp\/v2\/pages\/570","targetHints":{"allow":["GET"]}}],"collection":[{"href":"https:\/\/www.tungshinaluminum.com\/vn\/wp-json\/wp\/v2\/pages"}],"about":[{"href":"https:\/\/www.tungshinaluminum.com\/vn\/wp-json\/wp\/v2\/types\/page"}],"author":[{"embeddable":true,"href":"https:\/\/www.tungshinaluminum.com\/vn\/wp-json\/wp\/v2\/users\/1"}],"replies":[{"embeddable":true,"href":"https:\/\/www.tungshinaluminum.com\/vn\/wp-json\/wp\/v2\/comments?post=570"}],"version-history":[{"count":6,"href":"https:\/\/www.tungshinaluminum.com\/vn\/wp-json\/wp\/v2\/pages\/570\/revisions"}],"predecessor-version":[{"id":1321,"href":"https:\/\/www.tungshinaluminum.com\/vn\/wp-json\/wp\/v2\/pages\/570\/revisions\/1321"}],"up":[{"embeddable":true,"href":"https:\/\/www.tungshinaluminum.com\/vn\/wp-json\/wp\/v2\/pages\/320"}],"wp:featuredmedia":[{"embeddable":true,"href":"https:\/\/www.tungshinaluminum.com\/vn\/wp-json\/wp\/v2\/media\/571"}],"wp:attachment":[{"href":"https:\/\/www.tungshinaluminum.com\/vn\/wp-json\/wp\/v2\/media?parent=570"}],"curies":[{"name":"wp","href":"https:\/\/api.w.org\/{rel}","templated":true}]}}