{"id":567,"date":"2025-05-01T00:00:51","date_gmt":"2025-05-01T00:00:51","guid":{"rendered":"https:\/\/www.tungshinaluminum.com\/?page_id=567"},"modified":"2025-10-09T01:09:39","modified_gmt":"2025-10-09T01:09:39","slug":"safety-of-the-occupational-environment","status":"publish","type":"page","link":"https:\/\/www.tungshinaluminum.com\/vn\/social-responsibility\/safety-of-the-occupational-environment","title":{"rendered":"An to\u00e0n m\u00f4i tr\u01b0\u1eddng lao \u0111\u1ed9ng"},"content":{"rendered":"<div id=\"page-header-1292790563\" class=\"page-header-wrapper\">\n  <div class=\"page-title dark featured-title\">\n\n        <div class=\"page-title-bg\">\n      <div class=\"title-bg fill bg-fill\"\n        data-parallax-container=\".page-title\"\n        data-parallax-background\n data-parallax=\"-\">\n      <\/div>\n      <div class=\"title-overlay fill\"><\/div>\n    <\/div>\n    \n    <div class=\"page-title-inner container align-center text-center flex-row-col medium-flex-wrap\" >\n              <div class=\"title-wrapper flex-col\">\n          <h1 class=\"entry-title mb-0\">\n            An to\u00e0n m\u00f4i tr\u01b0\u1eddng lao \u0111\u1ed9ng          <\/h1>\n        <\/div>\n                    <div class=\"title-content flex-col\">\n        <div class=\"title-breadcrumbs pb-half pt-half\"><\/div>      <\/div>\n    <\/div>\n\n     \n<style>\n#page-header-1292790563 .page-title-inner {\n  min-height: 450px;\n}\n#page-header-1292790563 .title-bg {\n  background-image: url(https:\/\/www.tungshinaluminum.com\/wp-content\/uploads\/2025\/04\/LO_Corporate-Social-Responsibility_1280x661.jpg.webp);\n}\n#page-header-1292790563 .featured-title {\n  background-color: #ffffff;\n}\n<\/style>\n  <\/div>\n    <\/div>\n  \n\n\t<section class=\"section\" id=\"section_935072315\">\n\t\t<div class=\"section-bg fill\" >\n\t\t\t\t\t\t\t\t\t\n\t\t\t\n\n\t\t<\/div>\n\n\t\t\n\n\t\t<div class=\"section-content relative\">\n\t\t\t\n<div class=\"row\"  id=\"row-890661305\">\n\n\t<div id=\"col-70782807\" class=\"col medium-9 small-12 large-9\"  >\n\t\t\t\t<div class=\"col-inner\"  >\n\t\t\t\n\t\t\t\n<h2><span style=\"color: #282828;\"><strong>C\u00f4ng ty TNHH C\u00f4ng nghi\u1ec7p Tung Shin kh\u00f4ng ch\u1ec9 t\u1eadp trung v\u00e0o vi\u1ec7c n\u00e2ng cao k\u1ef9 n\u0103ng chuy\u00ean m\u00f4n m\u00e0 c\u00f2n ch\u1ecbu tr\u00e1ch nhi\u1ec7m \u0111\u1ed1i v\u1edbi x\u00e3 h\u1ed9i v\u00e0 m\u00f4i tr\u01b0\u1eddng, v\u1edbi vai tr\u00f2 m\u1ed9t c\u00f4ng d\u00e2n doanh nghi\u1ec7p, nh\u1eb1m mang l\u1ea1i t\u00e1c \u0111\u1ed9ng t\u00edch c\u1ef1c.<img loading=\"lazy\" decoding=\"async\" class=\"aligncenter size-full wp-image-1419\" src=\"https:\/\/www.tungshinaluminum.com\/wp-content\/uploads\/2025\/10\/\u78b3\u6392\u653f\u7b56\u66f4\u65b0-scaled.jpg\" alt=\"\" width=\"2560\" height=\"1920\" srcset=\"https:\/\/www.tungshinaluminum.com\/wp-content\/uploads\/2025\/10\/\u78b3\u6392\u653f\u7b56\u66f4\u65b0-scaled.jpg 2560w, https:\/\/www.tungshinaluminum.com\/wp-content\/uploads\/2025\/10\/\u78b3\u6392\u653f\u7b56\u66f4\u65b0-300x225.jpg 300w, https:\/\/www.tungshinaluminum.com\/wp-content\/uploads\/2025\/10\/\u78b3\u6392\u653f\u7b56\u66f4\u65b0-1024x768.jpg 1024w, https:\/\/www.tungshinaluminum.com\/wp-content\/uploads\/2025\/10\/\u78b3\u6392\u653f\u7b56\u66f4\u65b0-768x576.jpg 768w, https:\/\/www.tungshinaluminum.com\/wp-content\/uploads\/2025\/10\/\u78b3\u6392\u653f\u7b56\u66f4\u65b0-1536x1152.jpg 1536w, https:\/\/www.tungshinaluminum.com\/wp-content\/uploads\/2025\/10\/\u78b3\u6392\u653f\u7b56\u66f4\u65b0-2048x1536.jpg 2048w, https:\/\/www.tungshinaluminum.com\/wp-content\/uploads\/2025\/10\/\u78b3\u6392\u653f\u7b56\u66f4\u65b0-16x12.jpg 16w\" sizes=\"auto, (max-width: 2560px) 100vw, 2560px\" \/><\/strong><\/span><\/h2>\n<h3><span style=\"color: #0000ff;\"><strong>M\u00f4i tr\u01b0\u1eddng:<\/strong><\/span><\/h3>\n<ul>\n<li>B\u1ea3o v\u1ec7 m\u00f4i tr\u01b0\u1eddng: Quy tr\u00ecnh mua s\u1eafm nguy\u00ean li\u1ec7u, ph\u1ee5 gia v\u00e0 linh ki\u1ec7n c\u1ee7a c\u00f4ng ty tu\u00e2n th\u1ee7 c\u00e1c ti\u00eau chu\u1ea9n th\u01b0\u01a1ng m\u1ea1i c\u00f4ng b\u1eb1ng v\u00e0 tr\u00e1nh s\u1eed d\u1ee5ng c\u00e1c ch\u1ea5t g\u00e2y h\u1ea1i cho m\u00f4i tr\u01b0\u1eddng.<\/li>\n<li>C\u00f4ng ty th\u1ef1c hi\u1ec7n x\u1eed l\u00fd n\u01b0\u1edbc th\u1ea3i v\u00e0 kh\u00ed th\u1ea3i theo quy \u0111\u1ecbnh ph\u00e1p lu\u1eadt qu\u1ed1c gia v\u00e0 c\u00e1c ti\u00eau chu\u1ea9n ISO li\u00ean quan.<\/li>\n<li>Theo d\u00f5i \u0111\u1ecbnh k\u1ef3 ch\u1ea5t l\u01b0\u1ee3ng n\u01b0\u1edbc, kh\u00f4ng kh\u00ed v\u00e0 ti\u1ebfng \u1ed3n.<\/li>\n<li>S\u1eed d\u1ee5ng ngu\u1ed3n n\u0103ng l\u01b0\u1ee3ng t\u00e1i t\u1ea1o.<\/li>\n<\/ul>\n<h3><span style=\"color: #0000ff;\"><strong>Nh\u00e2n quy\u1ec1n:<\/strong><\/span><\/h3>\n<ul>\n<li>\u0110\u1ed1i x\u1eed c\u00f4ng b\u1eb1ng v\u1edbi t\u1ea5t c\u1ea3 c\u00e1c b\u00ean li\u00ean quan.<\/li>\n<li>\u0110\u1ed1i x\u1eed b\u00ecnh \u0111\u1eb3ng kh\u00f4ng ph\u00e2n bi\u1ec7t qu\u1ed1c t\u1ecbch, s\u1eafc t\u1ed9c, m\u00e0u da, gi\u1edbi t\u00ednh, tu\u1ed5i t\u00e1c v\u00e0 t\u00f4n gi\u00e1o.<\/li>\n<li>T\u1eeb ch\u1ed1i khai th\u00e1c lao \u0111\u1ed9ng, s\u1eed d\u1ee5ng lao \u0111\u1ed9ng tr\u1ebb em v\u00e0 ng\u01b0\u1eddi d\u01b0\u1edbi 18 tu\u1ed5i.<\/li>\n<li>C\u1ea5m tr\u1eeb l\u01b0\u01a1ng nh\u00e2n vi\u00ean d\u01b0\u1edbi b\u1ea5t k\u1ef3 l\u00ed do n\u00e0o.<\/li>\n<li>M\u1ee9c l\u01b0\u01a1ng c\u1ee7a nh\u00e2n vi\u00ean kh\u00f4ng bao gi\u1edd th\u1ea5p h\u01a1n m\u1ee9c l\u01b0\u01a1ng t\u1ed1i thi\u1ec3u \u0111\u01b0\u1ee3c th\u00f4ng b\u00e1o b\u1edfi ch\u00ednh ph\u1ee7.<\/li>\n<li>Kh\u00f4ng \u00e9p bu\u1ed9c nh\u00e2n vi\u00ean l\u00e0m th\u00eam gi\u1edd, v\u00e0 tr\u1ea3 l\u01b0\u01a1ng l\u00e0m th\u00eam gi\u1edd theo quy \u0111\u1ecbnh.<\/li>\n<\/ul>\n<h3><span style=\"color: #0000ff;\"><strong>An to\u00e0n:<\/strong><\/span><\/h3>\n<ul>\n<li>\u0110\u1ea3m b\u1ea3o b\u1ea3o qu\u1ea3n t\u1ec7p tin th\u00f4ng tin c\u1ee7a c\u00f4ng ty v\u00e0 ng\u0103n ch\u1eb7n r\u00f2 r\u1ec9, tu\u00e2n th\u1ee7 c\u00e1c ti\u00eau chu\u1ea9n ISO.<\/li>\n<li>H\u01b0\u1edbng d\u1eabn s\u01a1 t\u00e1n r\u00f5 r\u00e0ng v\u00e0 \u0111\u1ea3m b\u1ea3o \u0111\u01b0\u1eddng tho\u00e1t hi\u1ec3m kh\u00f4ng b\u1ecb c\u1ea3n tr\u1edf.<\/li>\n<li>Ki\u1ec3m tra an to\u00e0n ch\u1ed1ng ch\u00e1y \u0111\u1ecbnh k\u1ef3 v\u00e0 c\u00e1c kh\u00f3a \u0111\u00e0o t\u1ea1o li\u00ean quan.<\/li>\n<li>Cung c\u1ea5p c\u00e1c v\u1eadt ph\u1ea9m c\u1ea5p c\u1ee9u c\u1ea7n thi\u1ebft v\u00e0 \u0111\u1eb7t ch\u00fang \u1edf nh\u1eefng v\u1ecb tr\u00ed d\u1ec5 d\u00e0ng ti\u1ebfp c\u1eadn.<\/li>\n<\/ul>\n\t\t<\/div>\n\t\t\t\t\t<\/div>\n\n\t\n\n\t<div id=\"col-149555532\" class=\"col medium-3 small-12 large-3\"  >\n\t\t<div class=\"is-sticky-column\"><div class=\"is-sticky-column__inner\">\t\t<div class=\"col-inner\"  >\n\t\t\t\n\t\t\t\n<ul class=\"sidebar-wrapper ul-reset\"><aside id=\"nav_menu-2\" class=\"widget widget_nav_menu\"><span class=\"widget-title\"><span>S\u1ea3n ph\u1ea9m<\/span><\/span><div class=\"is-divider small\"><\/div><div class=\"menu-san-pham-container\"><ul id=\"menu-san-pham\" class=\"menu\"><li id=\"menu-item-206\" class=\"menu-item menu-item-type-post_type menu-item-object-page menu-item-206\"><a href=\"https:\/\/www.tungshinaluminum.com\/vn\/products\/high-definition-net-aluminum-casting-rods\">Nh\u00f4m thanh \u0111\u00fac ch\u1ea5t l\u01b0\u1ee3ng cao<\/a><\/li>\n<li id=\"menu-item-207\" class=\"menu-item menu-item-type-post_type menu-item-object-page menu-item-207\"><a href=\"https:\/\/www.tungshinaluminum.com\/vn\/products\/aluminum-extrusion\">\u00c9p \u0111\u00f9n h\u1ee3p kim nh\u00f4m<\/a><\/li>\n<li id=\"menu-item-208\" class=\"menu-item menu-item-type-post_type menu-item-object-page menu-item-208\"><a href=\"https:\/\/www.tungshinaluminum.com\/vn\/products\/manufacturing-and-processinggc-mould-factory\">Gia C\u00f4ng<\/a><\/li>\n<li id=\"menu-item-209\" class=\"menu-item menu-item-type-post_type menu-item-object-page menu-item-209\"><a href=\"https:\/\/www.tungshinaluminum.com\/vn\/products\/surface-treatment\">X\u1eed l\u00fd b\u1ec1 m\u1eb7t<\/a><\/li>\n<li id=\"menu-item-210\" class=\"menu-item menu-item-type-post_type menu-item-object-page menu-item-210\"><a href=\"https:\/\/www.tungshinaluminum.com\/vn\/products\/industrial-applications\">\u1ee8ng d\u1ee5ng c\u00f4ng nghi\u1ec7p v\u00e0 x\u00e2y d\u1ef1ng<\/a><\/li>\n<li id=\"menu-item-317\" class=\"menu-item menu-item-type-post_type menu-item-object-page menu-item-317\"><a href=\"https:\/\/www.tungshinaluminum.com\/vn\/products\/inquire-about-product-information\">Th\u00f4ng tin s\u1ea3n ph\u1ea9m<\/a><\/li>\n<\/ul><\/div><\/aside>\t\t<aside id=\"flatsome_recent_posts-2\" class=\"widget flatsome_recent_posts\">\t\t<span class=\"widget-title\"><span>Tin t\u1ee9c<\/span><\/span><div class=\"is-divider small\"><\/div>\t\t<ul>\t\t\n\t\t\n\t\t<li class=\"recent-blog-posts-li\">\n\t\t\t<div class=\"flex-row recent-blog-posts align-top pt-half pb-half\">\n\t\t\t\t<div class=\"flex-col mr-half\">\n\t\t\t\t\t<div class=\"badge post-date  badge-square\">\n\t\t\t\t\t\t\t<div class=\"badge-inner bg-fill\" style=\"background: url(https:\/\/www.tungshinaluminum.com\/wp-content\/uploads\/2025\/04\/banner1-150x150.jpg); border:0;\">\n                                \t\t\t\t\t\t\t<\/div>\n\t\t\t\t\t<\/div>\n\t\t\t\t<\/div>\n\t\t\t\t<div class=\"flex-col flex-grow\">\n\t\t\t\t\t  <a href=\"https:\/\/www.tungshinaluminum.com\/vn\/gia-dau-cao-nhat-1-tuan-nhom-cao-nhat-1-thang\" title=\"08-11 Oct 2024 ALUMINIUM 2024 Exhibition Center Dusseldorf, Germany\">08-11 Oct 2024 ALUMINIUM 2024 Exhibition Center Dusseldorf, Germany<\/a>\n\t\t\t\t   \t  <span class=\"post_comments op-7 block is-xsmall\"><a href=\"https:\/\/www.tungshinaluminum.com\/vn\/gia-dau-cao-nhat-1-tuan-nhom-cao-nhat-1-thang#respond\"><\/a><\/span>\n\t\t\t\t<\/div>\n\t\t\t<\/div>\n\t\t<\/li>\n\t\t\n\t\t\n\t\t<li class=\"recent-blog-posts-li\">\n\t\t\t<div class=\"flex-row recent-blog-posts align-top pt-half pb-half\">\n\t\t\t\t<div class=\"flex-col mr-half\">\n\t\t\t\t\t<div class=\"badge post-date  badge-square\">\n\t\t\t\t\t\t\t<div class=\"badge-inner bg-fill\" style=\"background: url(https:\/\/www.tungshinaluminum.com\/wp-content\/uploads\/2025\/04\/banner2-150x150.png); border:0;\">\n                                \t\t\t\t\t\t\t<\/div>\n\t\t\t\t\t<\/div>\n\t\t\t\t<\/div>\n\t\t\t\t<div class=\"flex-col flex-grow\">\n\t\t\t\t\t  <a href=\"https:\/\/www.tungshinaluminum.com\/vn\/gia-vang-dat-muc-cao-ky-luc-moi-dau-quay-dau-giam\" title=\"July 9~11  Tokyo Manufacturing World\">July 9~11  Tokyo Manufacturing World<\/a>\n\t\t\t\t   \t  <span class=\"post_comments op-7 block is-xsmall\"><a href=\"https:\/\/www.tungshinaluminum.com\/vn\/gia-vang-dat-muc-cao-ky-luc-moi-dau-quay-dau-giam#respond\"><\/a><\/span>\n\t\t\t\t<\/div>\n\t\t\t<\/div>\n\t\t<\/li>\n\t\t\t\t<\/ul>\t\t<\/aside><\/ul>\n\t\t<\/div>\n\t\t<\/div><\/div>\t\t\t<\/div>\n\n\t\n<\/div>\n\t\t<\/div>\n\n\t\t\n<style>\n#section_935072315 {\n  padding-top: 50px;\n  padding-bottom: 50px;\n}\n<\/style>\n\t<\/section>","protected":false},"excerpt":{"rendered":"","protected":false},"author":1,"featured_media":568,"parent":320,"menu_order":0,"comment_status":"closed","ping_status":"closed","template":"page-blank.php","meta":{"footnotes":""},"class_list":["post-567","page","type-page","status-publish","has-post-thumbnail","hentry"],"_links":{"self":[{"href":"https:\/\/www.tungshinaluminum.com\/vn\/wp-json\/wp\/v2\/pages\/567","targetHints":{"allow":["GET"]}}],"collection":[{"href":"https:\/\/www.tungshinaluminum.com\/vn\/wp-json\/wp\/v2\/pages"}],"about":[{"href":"https:\/\/www.tungshinaluminum.com\/vn\/wp-json\/wp\/v2\/types\/page"}],"author":[{"embeddable":true,"href":"https:\/\/www.tungshinaluminum.com\/vn\/wp-json\/wp\/v2\/users\/1"}],"replies":[{"embeddable":true,"href":"https:\/\/www.tungshinaluminum.com\/vn\/wp-json\/wp\/v2\/comments?post=567"}],"version-history":[{"count":8,"href":"https:\/\/www.tungshinaluminum.com\/vn\/wp-json\/wp\/v2\/pages\/567\/revisions"}],"predecessor-version":[{"id":1420,"href":"https:\/\/www.tungshinaluminum.com\/vn\/wp-json\/wp\/v2\/pages\/567\/revisions\/1420"}],"up":[{"embeddable":true,"href":"https:\/\/www.tungshinaluminum.com\/vn\/wp-json\/wp\/v2\/pages\/320"}],"wp:featuredmedia":[{"embeddable":true,"href":"https:\/\/www.tungshinaluminum.com\/vn\/wp-json\/wp\/v2\/media\/568"}],"wp:attachment":[{"href":"https:\/\/www.tungshinaluminum.com\/vn\/wp-json\/wp\/v2\/media?parent=567"}],"curies":[{"name":"wp","href":"https:\/\/api.w.org\/{rel}","templated":true}]}}