{"id":35,"date":"2025-04-21T02:44:23","date_gmt":"2025-04-21T02:44:23","guid":{"rendered":"https:\/\/www.tungshinaluminum.com\/?page_id=35"},"modified":"2025-10-30T12:55:08","modified_gmt":"2025-10-30T05:55:08","slug":"contact-us","status":"publish","type":"page","link":"https:\/\/www.tungshinaluminum.com\/vn\/contact-us","title":{"rendered":"Li\u00ean h\u1ec7 v\u1edbi ch\u00fang t\u00f4i"},"content":{"rendered":"<section class=\"section dark\" id=\"section_2015565948\">\n\t\t<div class=\"section-bg fill\" >\n\t\t\t<img loading=\"lazy\" decoding=\"async\" width=\"2560\" height=\"1440\" src=\"https:\/\/www.tungshinaluminum.com\/wp-content\/uploads\/2025\/05\/DJI_0229_11_compressed-scaled.jpg\" class=\"bg attachment- size-\" alt=\"\" \/>\t\t\t\t\t\t<div class=\"section-bg-overlay absolute fill\"><\/div>\n\t\t\t\n\n\t\t<\/div>\n\n\t\t\n\n\t\t<div class=\"section-content relative\">\n\t\t\t\n<div class=\"row\"  id=\"row-255351051\">\n\n\t<div id=\"col-1241741089\" class=\"col small-12 large-12\"  >\n\t\t\t\t<div class=\"col-inner text-center\"  >\n\t\t\t\n\t\t\t\n<h2 style=\"font-size: 200%;\">Li\u00ean H\u1ec7 Ch\u00fang T\u00f4i<\/h2>\n<p><span style=\"font-size: 120%;\">N\u1ebfu b\u1ea1n mu\u1ed1n t\u00ecm hi\u1ec3u th\u00eam v\u1ec1 c\u00f4ng ty ho\u1eb7c s\u1ea3n ph\u1ea9m c\u1ee7a ch\u00fang t\u00f4i, vui l\u00f2ng li\u00ean h\u1ec7 v\u1edbi ch\u00fang t\u00f4i qua tungshin@tungshinaluminum.com. Ho\u1eb7c, b\u1ea1n c\u0169ng c\u00f3 th\u1ec3 \u0111i\u1ec1n v\u00e0o bi\u1ec3u m\u1eabu li\u00ean h\u1ec7 d\u01b0\u1edbi \u0111\u00e2y \u0111\u1ec3 y\u00eau c\u1ea7u th\u00f4ng tin, ch\u00fang t\u00f4i s\u1ebd ph\u1ea3n h\u1ed3i b\u1ea1n s\u1edbm nh\u1ea5t c\u00f3 th\u1ec3. C\u1ea3m \u01a1n b\u1ea1n.<\/span><\/p>\n\t\t<\/div>\n\t\t\t\t\n<style>\n#col-1241741089 > .col-inner {\n  padding: 20px 0px 0px 0px;\n}\n<\/style>\n\t<\/div>\n\n\t\n<\/div>\n\t\t<\/div>\n\n\t\t\n<style>\n#section_2015565948 {\n  padding-top: 140px;\n  padding-bottom: 140px;\n  background-color: rgb(255,255,255);\n}\n#section_2015565948 .section-bg-overlay {\n  background-color: rgba(0,0,0,.5);\n}\n#section_2015565948 .section-bg img {\n  object-position: 48% 50%;\n}\n<\/style>\n\t<\/section>\n\t\n\n\t<section class=\"section\" id=\"section_1748482125\">\n\t\t<div class=\"section-bg fill\" >\n\t\t\t\t\t\t\t\t\t\n\t\t\t\n\n\t\t<\/div>\n\n\t\t\n\n\t\t<div class=\"section-content relative\">\n\t\t\t\n<div class=\"row\"  id=\"row-1852314430\">\n\n\t<div id=\"col-1135643794\" class=\"col small-12 large-12\"  >\n\t\t\t\t<div class=\"col-inner\"  >\n\t\t\t\n\t\t\t\n<div class=\"row align-equal\"  id=\"row-768332135\">\n\n\t<div id=\"col-1911268235\" class=\"col medium-6 small-12 large-6\"  >\n\t\t\t\t<div class=\"col-inner text-center\"  >\n\t\t\t\n\t\t\t\n\n\t\t<div class=\"icon-box featured-box icon-box-center text-center\"  >\n\t\t\t\t\t<div class=\"icon-box-img\" style=\"width: 60px\">\n\t\t\t\t<div class=\"icon\">\n\t\t\t\t\t<div class=\"icon-inner\" >\n\t\t\t\t\t\t<img loading=\"lazy\" decoding=\"async\" width=\"300\" height=\"300\" src=\"https:\/\/www.tungshinaluminum.com\/wp-content\/uploads\/2025\/04\/contact-page-for-flatsome-wordpress-theme-pointed-icon-phone-300x300.png\" class=\"attachment-medium size-medium\" alt=\"\" srcset=\"https:\/\/www.tungshinaluminum.com\/wp-content\/uploads\/2025\/04\/contact-page-for-flatsome-wordpress-theme-pointed-icon-phone-300x300.png 300w, https:\/\/www.tungshinaluminum.com\/wp-content\/uploads\/2025\/04\/contact-page-for-flatsome-wordpress-theme-pointed-icon-phone-150x150.png 150w, https:\/\/www.tungshinaluminum.com\/wp-content\/uploads\/2025\/04\/contact-page-for-flatsome-wordpress-theme-pointed-icon-phone.png 512w\" sizes=\"auto, (max-width: 300px) 100vw, 300px\" \/>\t\t\t\t\t<\/div>\n\t\t\t\t<\/div>\n\t\t\t<\/div>\n\t\t\t\t<div class=\"icon-box-text last-reset\">\n\t\t\t\t\t\t\t\t\t\n<h4><span style=\"font-size: 120%;\">Hotline<\/span><\/h4>\n\t<div id=\"gap-2108765953\" class=\"gap-element clearfix\" style=\"display:block; height:auto;\">\n\t\t\n<style>\n#gap-2108765953 {\n  padding-top: 20px;\n}\n<\/style>\n\t<\/div>\n\t\n<a class=\"button primary\"  style=\"padding:0px 35px 0px 35px;\">\n\t\t<span>+84274 3790 889<\/span>\n\t<\/a>\n\n\t\t<\/div>\n\t<\/div>\n\t\n\t\n\t\t<\/div>\n\t\t\t\t\t<\/div>\n\n\t\n\n\t<div id=\"col-1515875833\" class=\"col medium-6 small-12 large-6\"  >\n\t\t\t\t<div class=\"col-inner text-center\"  >\n\t\t\t\n\t\t\t\n\n\t\t<div class=\"icon-box featured-box icon-box-center text-center\"  >\n\t\t\t\t\t<div class=\"icon-box-img\" style=\"width: 60px\">\n\t\t\t\t<div class=\"icon\">\n\t\t\t\t\t<div class=\"icon-inner\" >\n\t\t\t\t\t\t<img loading=\"lazy\" decoding=\"async\" width=\"300\" height=\"300\" src=\"https:\/\/www.tungshinaluminum.com\/wp-content\/uploads\/2025\/04\/contact-page-for-flatsome-wordpress-theme-pointed-icon-chat-300x300.png\" class=\"attachment-medium size-medium\" alt=\"\" srcset=\"https:\/\/www.tungshinaluminum.com\/wp-content\/uploads\/2025\/04\/contact-page-for-flatsome-wordpress-theme-pointed-icon-chat-300x300.png 300w, https:\/\/www.tungshinaluminum.com\/wp-content\/uploads\/2025\/04\/contact-page-for-flatsome-wordpress-theme-pointed-icon-chat-150x150.png 150w, https:\/\/www.tungshinaluminum.com\/wp-content\/uploads\/2025\/04\/contact-page-for-flatsome-wordpress-theme-pointed-icon-chat.png 512w\" sizes=\"auto, (max-width: 300px) 100vw, 300px\" \/>\t\t\t\t\t<\/div>\n\t\t\t\t<\/div>\n\t\t\t<\/div>\n\t\t\t\t<div class=\"icon-box-text last-reset\">\n\t\t\t\t\t\t\t\t\t\n<h4><span style=\"font-size: 120%;\">Email<\/span><\/h4>\n\t<div id=\"gap-1015965444\" class=\"gap-element clearfix\" style=\"display:block; height:auto;\">\n\t\t\n<style>\n#gap-1015965444 {\n  padding-top: 20px;\n}\n<\/style>\n\t<\/div>\n\t\n\t\t<\/div>\n\t<\/div>\n\t\n\t\n<a href=\"mailto:tungshin@tungshinaluminum.com\" class=\"button primary lowercase\"  >\n\t\t<span>tungshin@tungshinaluminum.com<\/span>\n\t<\/a>\n\n\t\t<\/div>\n\t\t\t\t\t<\/div>\n\n\t\n\n\t<div id=\"col-15018965\" class=\"col small-12 large-12\"  >\n\t\t\t\t<div class=\"col-inner text-center\" style=\"background-color:rgb(255,255,255);\" >\n\t\t\t\n\t\t\t\n<h2>G\u1eedi l\u1eddi nh\u1eafn \u0111\u1ebfn ch\u00fang t\u00f4i<\/h2>\n<div class=\"is-divider divider clearfix\" ><\/div>\n<div class=\"row align-center\"  id=\"row-173422660\">\n\n\t<div id=\"col-1828968600\" class=\"col medium-11 small-12 large-9\"  >\n\t\t\t\t<div class=\"col-inner text-left\"  >\n\t\t\t\n\t\t\t\n<div class='fluentform ff-default fluentform_wrapper_3 ffs_default_wrap'><form data-form_id=\"3\" id=\"fluentform_3\" class=\"frm-fluent-form fluent_form_3 ff-el-form-top ff_form_instance_3_1 ff-form-loading ffs_default\" data-form_instance=\"ff_form_instance_3_1\" method=\"POST\" action=\"\" ><fieldset  style=\"border: none!important;margin: 0!important;padding: 0!important;background-color: transparent!important;box-shadow: none!important;outline: none!important; min-inline-size: 100%;\">\n                    <legend class=\"ff_screen_reader_title\" style=\"display: block; margin: 0!important;padding: 0!important;height: 0!important;text-indent: -999999px;width: 0!important;overflow:hidden;\">T\u01b0 v\u1ea5n th\u00f4ng tin s\u1ea3n ph\u1ea9m<\/legend><input type='hidden' name='__fluent_form_embded_post_id' value='35' \/><input type=\"hidden\" id=\"_fluentform_3_fluentformnonce\" name=\"_fluentform_3_fluentformnonce\" value=\"be67d3f7cc\" \/><input type=\"hidden\" name=\"_wp_http_referer\" value=\"\/vn\/wp-json\/wp\/v2\/pages\/35\" \/><div class='ff-el-group ff-el-form-left'><div class=\"ff-el-input--label asterisk-right\"><label for='ff_3_input_text' id='label_ff_3_input_text' aria-label=\"T\u00ean c\u1ee7a b\u1ea1n\">T\u00ean c\u1ee7a b\u1ea1n<\/label><\/div><div class='ff-el-input--content'><input type=\"text\" name=\"input_text\" class=\"ff-el-form-control\" data-name=\"input_text\" id=\"ff_3_input_text\"  aria-invalid=\"false\" aria-required=\"false\"><\/div><\/div><div class='ff-el-group ff-el-form-left'><div class=\"ff-el-input--label asterisk-right\"><label for='ff_3_input_text_1' id='label_ff_3_input_text_1' aria-label=\"T\u00ean c\u00f4ng ty\">T\u00ean c\u00f4ng ty<\/label><\/div><div class='ff-el-input--content'><input type=\"text\" name=\"input_text_1\" class=\"ff-el-form-control\" data-name=\"input_text_1\" id=\"ff_3_input_text_1\"  aria-invalid=\"false\" aria-required=\"false\"><\/div><\/div><div class='ff-el-group ff-el-form-left'><div class=\"ff-el-input--label asterisk-right\"><label for='ff_3_input_text_2' id='label_ff_3_input_text_2' aria-label=\"Qu\u1ed1c gia\">Qu\u1ed1c gia<\/label><\/div><div class='ff-el-input--content'><input type=\"text\" name=\"input_text_2\" class=\"ff-el-form-control\" data-name=\"input_text_2\" id=\"ff_3_input_text_2\"  aria-invalid=\"false\" aria-required=\"false\"><\/div><\/div><div class='ff-el-group ff-el-form-left'><div class=\"ff-el-input--label asterisk-right\"><label for='ff_3_input_text_3' id='label_ff_3_input_text_3' aria-label=\"S\u1ed1 \u0111i\u1ec7n tho\u1ea1i li\u00ean h\u1ec7\">S\u1ed1 \u0111i\u1ec7n tho\u1ea1i li\u00ean h\u1ec7<\/label><\/div><div class='ff-el-input--content'><input type=\"text\" name=\"input_text_3\" class=\"ff-el-form-control\" data-name=\"input_text_3\" id=\"ff_3_input_text_3\"  aria-invalid=\"false\" aria-required=\"false\"><\/div><\/div><div class='ff-el-group ff-el-form-left'><div class=\"ff-el-input--label asterisk-right\"><label for='ff_3_input_text_4' id='label_ff_3_input_text_4' aria-label=\"Email\">Email<\/label><\/div><div class='ff-el-input--content'><input type=\"text\" name=\"input_text_4\" class=\"ff-el-form-control\" data-name=\"input_text_4\" id=\"ff_3_input_text_4\"  aria-invalid=\"false\" aria-required=\"false\"><\/div><\/div><div class='ff-el-group ff-el-form-left'><div class=\"ff-el-input--label asterisk-right\"><label for='ff_3_description' id='label_ff_3_description' aria-label=\"Tin nh\u1eafn\">Tin nh\u1eafn<\/label><\/div><div class='ff-el-input--content'><textarea aria-required=\"false\" aria-labelledby=\"label_ff_3_description\" name=\"description\" id=\"ff_3_description\" class=\"ff-el-form-control\" rows=\"8\" cols=\"2\" data-name=\"description\" ><\/textarea><\/div><\/div><div class='ff-el-group ff-text-center ff_submit_btn_wrapper'><button type=\"submit\" class=\"ff-btn ff-btn-submit ff-btn-md ff_btn_style\"  aria-label=\"G\u1eedi\">G\u1eedi<\/button><\/div><\/fieldset><input type=\"hidden\" name=\"trp-form-language\" value=\"vn\"\/><\/form><div id='fluentform_3_errors' class='ff-errors-in-stack ff_form_instance_3_1 ff-form-loading_errors ff_form_instance_3_1_errors'><\/div><\/div>            <script type=\"text\/javascript\">\n                window.fluent_form_ff_form_instance_3_1 = {\"id\":\"3\",\"ajaxUrl\":\"https:\\\/\\\/www.tungshinaluminum.com\\\/wp-admin\\\/admin-ajax.php\",\"settings\":{\"layout\":{\"labelPlacement\":\"top\",\"asteriskPlacement\":\"asterisk-right\",\"helpMessagePlacement\":\"with_label\",\"errorMessagePlacement\":\"inline\",\"cssClassName\":\"\"},\"restrictions\":{\"denyEmptySubmission\":{\"enabled\":false}}},\"form_instance\":\"ff_form_instance_3_1\",\"form_id_selector\":\"fluentform_3\",\"rules\":{\"input_text\":{\"required\":{\"value\":false,\"message\":\"Tr\\u01b0\\u1eddng n\\u00e0y l\\u00e0 b\\u1eaft bu\\u1ed9c\",\"global_message\":\"This field is required\",\"global\":true}},\"input_text_1\":{\"required\":{\"value\":false,\"message\":\"Tr\\u01b0\\u1eddng n\\u00e0y l\\u00e0 b\\u1eaft bu\\u1ed9c\",\"global_message\":\"This field is required\",\"global\":true}},\"input_text_2\":{\"required\":{\"value\":false,\"message\":\"Tr\\u01b0\\u1eddng n\\u00e0y l\\u00e0 b\\u1eaft bu\\u1ed9c\",\"global_message\":\"This field is required\",\"global\":true}},\"input_text_3\":{\"required\":{\"value\":false,\"message\":\"Tr\\u01b0\\u1eddng n\\u00e0y l\\u00e0 b\\u1eaft bu\\u1ed9c\",\"global_message\":\"This field is required\",\"global\":true}},\"input_text_4\":{\"required\":{\"value\":false,\"message\":\"Tr\\u01b0\\u1eddng n\\u00e0y l\\u00e0 b\\u1eaft bu\\u1ed9c\",\"global_message\":\"This field is required\",\"global\":true}},\"description\":{\"required\":{\"value\":false,\"message\":\"Tr\\u01b0\\u1eddng n\\u00e0y l\\u00e0 b\\u1eaft bu\\u1ed9c\",\"global_message\":\"This field is required\",\"global\":true}}},\"debounce_time\":300};\n                            <\/script>\n            \n\t\t<\/div>\n\t\t\t\t\t<\/div>\n\n\t\n<\/div>\n\t\t<\/div>\n\t\t\t\t\t<\/div>\n\n\t\n\n<style>\n#row-768332135 > .col > .col-inner {\n  padding: 40px 40px 40px 40px;\n  background-color: rgb(255,255,255);\n}\n<\/style>\n<\/div>\n\t\t<\/div>\n\t\t\t\t\n<style>\n#col-1135643794 > .col-inner {\n  margin: -100px 0px 0px 0px;\n}\n<\/style>\n\t<\/div>\n\n\t\n<\/div>\n<div class=\"row\"  id=\"row-1500722957\">\n\n\t<div id=\"col-952293632\" class=\"col small-12 large-12\"  >\n\t\t\t\t<div class=\"col-inner text-center\"  >\n\t\t\t\n\t\t\t\n\t\t<\/div>\n\t\t\t\t\t<\/div>\n\n\t\n<\/div>\n\t\t<\/div>\n\n\t\t\n<style>\n#section_1748482125 {\n  padding-top: 30px;\n  padding-bottom: 30px;\n  background-color: rgb(244, 244, 244);\n}\n<\/style>\n\t<\/section>","protected":false},"excerpt":{"rendered":"","protected":false},"author":1,"featured_media":0,"parent":0,"menu_order":0,"comment_status":"closed","ping_status":"closed","template":"page-blank.php","meta":{"footnotes":""},"class_list":["post-35","page","type-page","status-publish","hentry"],"_links":{"self":[{"href":"https:\/\/www.tungshinaluminum.com\/vn\/wp-json\/wp\/v2\/pages\/35","targetHints":{"allow":["GET"]}}],"collection":[{"href":"https:\/\/www.tungshinaluminum.com\/vn\/wp-json\/wp\/v2\/pages"}],"about":[{"href":"https:\/\/www.tungshinaluminum.com\/vn\/wp-json\/wp\/v2\/types\/page"}],"author":[{"embeddable":true,"href":"https:\/\/www.tungshinaluminum.com\/vn\/wp-json\/wp\/v2\/users\/1"}],"replies":[{"embeddable":true,"href":"https:\/\/www.tungshinaluminum.com\/vn\/wp-json\/wp\/v2\/comments?post=35"}],"version-history":[{"count":21,"href":"https:\/\/www.tungshinaluminum.com\/vn\/wp-json\/wp\/v2\/pages\/35\/revisions"}],"predecessor-version":[{"id":1378,"href":"https:\/\/www.tungshinaluminum.com\/vn\/wp-json\/wp\/v2\/pages\/35\/revisions\/1378"}],"wp:attachment":[{"href":"https:\/\/www.tungshinaluminum.com\/vn\/wp-json\/wp\/v2\/media?parent=35"}],"curies":[{"name":"wp","href":"https:\/\/api.w.org\/{rel}","templated":true}]}}