{"id":324,"date":"2025-04-27T23:42:03","date_gmt":"2025-04-27T23:42:03","guid":{"rendered":"https:\/\/www.tungshinaluminum.com\/?page_id=324"},"modified":"2025-06-11T04:54:28","modified_gmt":"2025-06-11T04:54:28","slug":"human-resources","status":"publish","type":"page","link":"https:\/\/www.tungshinaluminum.com\/vn\/human-resources","title":{"rendered":"Ch\u00ednh s\u00e1ch ph\u00fac l\u1ee3i"},"content":{"rendered":"<div id=\"page-header-1245306117\" class=\"page-header-wrapper\">\n  <div class=\"page-title dark featured-title\">\n\n        <div class=\"page-title-bg\">\n      <div class=\"title-bg fill bg-fill\"\n        data-parallax-container=\".page-title\"\n        data-parallax-background\n data-parallax=\"-\">\n      <\/div>\n      <div class=\"title-overlay fill\"><\/div>\n    <\/div>\n    \n    <div class=\"page-title-inner container align-center text-center flex-row-col medium-flex-wrap\" >\n              <div class=\"title-wrapper flex-col\">\n          <h1 class=\"entry-title mb-0\">\n            Ch\u00ednh s\u00e1ch ph\u00fac l\u1ee3i          <\/h1>\n        <\/div>\n                    <div class=\"title-content flex-col\">\n        <div class=\"title-breadcrumbs pb-half pt-half\"><\/div>      <\/div>\n    <\/div>\n\n     \n<style>\n#page-header-1245306117 .page-title-inner {\n  min-height: 450px;\n}\n#page-header-1245306117 .title-bg {\n  background-image: url(https:\/\/www.tungshinaluminum.com\/wp-content\/uploads\/2025\/04\/human_banner.jpg);\n}\n#page-header-1245306117 .featured-title {\n  background-color: #ffffff;\n}\n<\/style>\n  <\/div>\n    <\/div>\n  \n\n\t<section class=\"section\" id=\"section_1326594565\">\n\t\t<div class=\"section-bg fill\" >\n\t\t\t\t\t\t\t\t\t\n\t\t\t\n\n\t\t<\/div>\n\n\t\t\n\n\t\t<div class=\"section-content relative\">\n\t\t\t\n<div class=\"row\"  id=\"row-1214023386\">\n\n\t<div id=\"col-1789602752\" class=\"col medium-9 small-12 large-9\"  >\n\t\t\t\t<div class=\"col-inner\"  >\n\t\t\t\n\t\t\t\n<span class=\"scroll-to\" data-label=\"Scroll to: #human_resources\" data-bullet=\"false\" data-link=\"#human_resources\" data-title=\"Human Resources\" ><a name=\"human_resources\"><\/a><\/span>\n<span class=\"scroll-to\" data-label=\"Scroll to: #Welfare_policy\" data-bullet=\"false\" data-link=\"#Welfare_policy\" data-title=\"Welfare policy\" ><a name=\"Welfare_policy\"><\/a><\/span>\n<h2>Ch\u00ednh s\u00e1ch Ph\u00fac l\u1ee3i<\/h2>\n<h3><span style=\"color: #00a859;\"><strong>Ph\u00e1t tri\u1ec3n S\u1ef1 nghi\u1ec7p:<\/strong><\/span> C\u00f4ng ty t\u1ed5 ch\u1ee9c \u0111\u1ecbnh k\u1ef3 c\u00e1c bu\u1ed5i \u0111\u00e0o t\u1ea1o n\u1ed9i b\u1ed9 v\u00e0 \u0111\u00f4i khi c\u00e1c kh\u00f3a \u0111\u00e0o t\u1ea1o b\u00ean ngo\u00e0i \u0111\u1ec3 n\u00e2ng cao k\u1ef9 n\u0103ng chuy\u00ean m\u00f4n c\u1ee7a nh\u00e2n vi\u00ean.<br \/><span style=\"color: #00a859;\"><strong>Ch\u00ednh s\u00e1ch Ngh\u1ec9 ph\u00e9p:<\/strong><\/span> Ngo\u00e0i Ch\u1ee7 nh\u1eadt v\u00e0 c\u00e1c ng\u00e0y l\u1ec5 qu\u1ed1c gia, nh\u00e2n vi\u00ean s\u1ebd \u0111\u01b0\u1ee3c h\u01b0\u1edfng s\u1ed1 ng\u00e0y ngh\u1ec9 ph\u00e9p h\u00e0ng n\u0103m kh\u00e1c nhau t\u00f9y theo s\u1ed1 n\u0103m l\u00e0m vi\u1ec7c. Ngo\u00e0i ra, c\u00f2n c\u00f3 ch\u1ebf \u0111\u1ed9 ngh\u1ec9 ph\u00e9p khi k\u1ebft h\u00f4n v\u00e0 ngh\u1ec9 tang.<br \/><span style=\"color: #00a859;\"><strong>Ch\u00ednh s\u00e1ch \u0102n u\u1ed1ng:<\/strong> <\/span>T\u1ea5t c\u1ea3 nh\u00e2n vi\u00ean s\u1ebd \u0111\u01b0\u1ee3c cung c\u1ea5p b\u1eefa tr\u01b0a ho\u1eb7c t\u1ed1i trong gi\u1edd l\u00e0m vi\u1ec7c c\u1ee7a m\u00ecnh (t\u00f9y theo ca l\u00e0m vi\u1ec7c).<br \/><span style=\"color: #00a859;\"><strong>B\u1ea3o hi\u1ec3m v\u00e0 Ki\u1ec3m tra s\u1ee9c kh\u1ecfe:<\/strong><\/span> Nh\u00e2n vi\u00ean \u0111\u01b0\u1ee3c b\u1ea3o hi\u1ec3m x\u00e3 h\u1ed9i v\u00e0 b\u1ea3o hi\u1ec3m s\u1ee9c kh\u1ecfe. Ngo\u00e0i ra, ki\u1ec3m tra s\u1ee9c kh\u1ecfe \u0111\u1ecbnh k\u1ef3 \u0111\u01b0\u1ee3c th\u1ef1c hi\u1ec7n cho nh\u00e2n vi\u00ean h\u00e0ng n\u0103m.<br \/><span style=\"color: #00a859;\"><strong>Ch\u00ednh s\u00e1ch Th\u01b0\u1edfng:<\/strong><\/span>\u00a0 Th\u01b0\u1edfng cu\u1ed1i n\u0103m, th\u01b0\u1edfng t\u1ebft \u0110oan Ng\u1ecd, th\u01b0\u1edfng Trung thu v\u00e0 th\u01b0\u1edfng Ng\u00e0y Qu\u1ed1c t\u1ebf Lao \u0111\u1ed9ng.<br \/><span style=\"color: #00a859;\"><strong>C\u00e1c Ph\u00fac l\u1ee3i Kh\u00e1c:<\/strong> <\/span>C\u01a1 h\u1ed9i \u0111i du l\u1ecbch trong n\u01b0\u1edbc v\u00e0 qu\u1ed1c t\u1ebf.<\/h3>\n\t<div class=\"img has-hover x md-x lg-x y md-y lg-y\" id=\"image_2105927619\">\n\t\t\t\t\t\t\t\t<div class=\"img-inner dark\" >\n\t\t\t<img loading=\"lazy\" decoding=\"async\" width=\"1\" height=\"1\" src=\"https:\/\/www.tungshinaluminum.com\/wp-content\/uploads\/2025\/05\/family-g26390963a_1920_QoGRHXr-1.svg\" class=\"attachment-large size-large\" alt=\"\" \/>\t\t\t\t\t\t\n\t\t\t\t\t<\/div>\n\t\t\t\t\t\t\t\t\n<style>\n#image_2105927619 {\n  width: 100%;\n}\n<\/style>\n\t<\/div>\n\t\n\t\t<\/div>\n\t\t\t\t\t<\/div>\n\n\t\n\n\t<div id=\"col-378831241\" class=\"col medium-3 small-12 large-3\"  >\n\t\t\t\t<div class=\"col-inner\"  >\n\t\t\t\n\t\t\t\n<ul class=\"sidebar-wrapper ul-reset\"><aside id=\"nav_menu-2\" class=\"widget widget_nav_menu\"><span class=\"widget-title\"><span>S\u1ea3n ph\u1ea9m<\/span><\/span><div class=\"is-divider small\"><\/div><div class=\"menu-san-pham-container\"><ul id=\"menu-san-pham\" class=\"menu\"><li id=\"menu-item-206\" class=\"menu-item menu-item-type-post_type menu-item-object-page menu-item-206\"><a href=\"https:\/\/www.tungshinaluminum.com\/vn\/products\/high-definition-net-aluminum-casting-rods\">Nh\u00f4m thanh \u0111\u00fac ch\u1ea5t l\u01b0\u1ee3ng cao<\/a><\/li>\n<li id=\"menu-item-207\" class=\"menu-item menu-item-type-post_type menu-item-object-page menu-item-207\"><a href=\"https:\/\/www.tungshinaluminum.com\/vn\/products\/aluminum-extrusion\">\u00c9p \u0111\u00f9n h\u1ee3p kim nh\u00f4m<\/a><\/li>\n<li id=\"menu-item-208\" class=\"menu-item menu-item-type-post_type menu-item-object-page menu-item-208\"><a href=\"https:\/\/www.tungshinaluminum.com\/vn\/products\/manufacturing-and-processinggc-mould-factory\">Gia C\u00f4ng<\/a><\/li>\n<li id=\"menu-item-209\" class=\"menu-item menu-item-type-post_type menu-item-object-page menu-item-209\"><a href=\"https:\/\/www.tungshinaluminum.com\/vn\/products\/surface-treatment\">X\u1eed l\u00fd b\u1ec1 m\u1eb7t<\/a><\/li>\n<li id=\"menu-item-210\" class=\"menu-item menu-item-type-post_type menu-item-object-page menu-item-210\"><a href=\"https:\/\/www.tungshinaluminum.com\/vn\/products\/industrial-applications\">\u1ee8ng d\u1ee5ng c\u00f4ng nghi\u1ec7p v\u00e0 x\u00e2y d\u1ef1ng<\/a><\/li>\n<li id=\"menu-item-317\" class=\"menu-item menu-item-type-post_type menu-item-object-page menu-item-317\"><a href=\"https:\/\/www.tungshinaluminum.com\/vn\/products\/inquire-about-product-information\">Th\u00f4ng tin s\u1ea3n ph\u1ea9m<\/a><\/li>\n<\/ul><\/div><\/aside>\t\t<aside id=\"flatsome_recent_posts-2\" class=\"widget flatsome_recent_posts\">\t\t<span class=\"widget-title\"><span>Tin t\u1ee9c<\/span><\/span><div class=\"is-divider small\"><\/div>\t\t<ul>\t\t\n\t\t\n\t\t<li class=\"recent-blog-posts-li\">\n\t\t\t<div class=\"flex-row recent-blog-posts align-top pt-half pb-half\">\n\t\t\t\t<div class=\"flex-col mr-half\">\n\t\t\t\t\t<div class=\"badge post-date  badge-square\">\n\t\t\t\t\t\t\t<div class=\"badge-inner bg-fill\" style=\"background: url(https:\/\/www.tungshinaluminum.com\/wp-content\/uploads\/2025\/04\/banner1-150x150.jpg); border:0;\">\n                                \t\t\t\t\t\t\t<\/div>\n\t\t\t\t\t<\/div>\n\t\t\t\t<\/div>\n\t\t\t\t<div class=\"flex-col flex-grow\">\n\t\t\t\t\t  <a href=\"https:\/\/www.tungshinaluminum.com\/vn\/gia-dau-cao-nhat-1-tuan-nhom-cao-nhat-1-thang\" title=\"08-11 Oct 2024 ALUMINIUM 2024 Exhibition Center Dusseldorf, Germany\">08-11 Oct 2024 ALUMINIUM 2024 Exhibition Center Dusseldorf, Germany<\/a>\n\t\t\t\t   \t  <span class=\"post_comments op-7 block is-xsmall\"><a href=\"https:\/\/www.tungshinaluminum.com\/vn\/gia-dau-cao-nhat-1-tuan-nhom-cao-nhat-1-thang#respond\"><\/a><\/span>\n\t\t\t\t<\/div>\n\t\t\t<\/div>\n\t\t<\/li>\n\t\t\n\t\t\n\t\t<li class=\"recent-blog-posts-li\">\n\t\t\t<div class=\"flex-row recent-blog-posts align-top pt-half pb-half\">\n\t\t\t\t<div class=\"flex-col mr-half\">\n\t\t\t\t\t<div class=\"badge post-date  badge-square\">\n\t\t\t\t\t\t\t<div class=\"badge-inner bg-fill\" style=\"background: url(https:\/\/www.tungshinaluminum.com\/wp-content\/uploads\/2025\/04\/banner2-150x150.png); border:0;\">\n                                \t\t\t\t\t\t\t<\/div>\n\t\t\t\t\t<\/div>\n\t\t\t\t<\/div>\n\t\t\t\t<div class=\"flex-col flex-grow\">\n\t\t\t\t\t  <a href=\"https:\/\/www.tungshinaluminum.com\/vn\/gia-vang-dat-muc-cao-ky-luc-moi-dau-quay-dau-giam\" title=\"July 9~11  Tokyo Manufacturing World\">July 9~11  Tokyo Manufacturing World<\/a>\n\t\t\t\t   \t  <span class=\"post_comments op-7 block is-xsmall\"><a href=\"https:\/\/www.tungshinaluminum.com\/vn\/gia-vang-dat-muc-cao-ky-luc-moi-dau-quay-dau-giam#respond\"><\/a><\/span>\n\t\t\t\t<\/div>\n\t\t\t<\/div>\n\t\t<\/li>\n\t\t\t\t<\/ul>\t\t<\/aside><\/ul>\n\t\t<\/div>\n\t\t\t\t\t<\/div>\n\n\t\n<\/div>\n\t\t<\/div>\n\n\t\t\n<style>\n#section_1326594565 {\n  padding-top: 50px;\n  padding-bottom: 50px;\n}\n<\/style>\n\t<\/section>","protected":false},"excerpt":{"rendered":"","protected":false},"author":1,"featured_media":0,"parent":0,"menu_order":0,"comment_status":"closed","ping_status":"closed","template":"page-blank.php","meta":{"footnotes":""},"class_list":["post-324","page","type-page","status-publish","hentry"],"_links":{"self":[{"href":"https:\/\/www.tungshinaluminum.com\/vn\/wp-json\/wp\/v2\/pages\/324","targetHints":{"allow":["GET"]}}],"collection":[{"href":"https:\/\/www.tungshinaluminum.com\/vn\/wp-json\/wp\/v2\/pages"}],"about":[{"href":"https:\/\/www.tungshinaluminum.com\/vn\/wp-json\/wp\/v2\/types\/page"}],"author":[{"embeddable":true,"href":"https:\/\/www.tungshinaluminum.com\/vn\/wp-json\/wp\/v2\/users\/1"}],"replies":[{"embeddable":true,"href":"https:\/\/www.tungshinaluminum.com\/vn\/wp-json\/wp\/v2\/comments?post=324"}],"version-history":[{"count":17,"href":"https:\/\/www.tungshinaluminum.com\/vn\/wp-json\/wp\/v2\/pages\/324\/revisions"}],"predecessor-version":[{"id":1322,"href":"https:\/\/www.tungshinaluminum.com\/vn\/wp-json\/wp\/v2\/pages\/324\/revisions\/1322"}],"wp:attachment":[{"href":"https:\/\/www.tungshinaluminum.com\/vn\/wp-json\/wp\/v2\/media?parent=324"}],"curies":[{"name":"wp","href":"https:\/\/api.w.org\/{rel}","templated":true}]}}