{"id":29,"date":"2025-04-21T02:43:39","date_gmt":"2025-04-21T02:43:39","guid":{"rendered":"https:\/\/www.tungshinaluminum.com\/?page_id=29"},"modified":"2025-05-16T02:23:30","modified_gmt":"2025-05-16T02:23:30","slug":"surface-treatment","status":"publish","type":"page","link":"https:\/\/www.tungshinaluminum.com\/vn\/products\/surface-treatment","title":{"rendered":"X\u1eed l\u00fd b\u1ec1 m\u1eb7t"},"content":{"rendered":"<div id=\"page-header-640850429\" class=\"page-header-wrapper\">\n  <div class=\"page-title dark featured-title\">\n\n        <div class=\"page-title-bg\">\n      <div class=\"title-bg fill bg-fill\"\n        data-parallax-container=\".page-title\"\n        data-parallax-background\n data-parallax=\"-\">\n      <\/div>\n      <div class=\"title-overlay fill\"><\/div>\n    <\/div>\n    \n    <div class=\"page-title-inner container align-center text-center flex-row-col medium-flex-wrap\" >\n              <div class=\"title-wrapper flex-col\">\n          <h1 class=\"entry-title mb-0\">\n            X\u1eed l\u00fd b\u1ec1 m\u1eb7t          <\/h1>\n        <\/div>\n                    <div class=\"title-content flex-col\">\n        <div class=\"title-breadcrumbs pb-half pt-half\"><\/div>      <\/div>\n    <\/div>\n\n     \n<style>\n#page-header-640850429 .page-title-inner {\n  min-height: 450px;\n}\n#page-header-640850429 .title-bg {\n  background-image: url(https:\/\/www.tungshinaluminum.com\/wp-content\/uploads\/2025\/05\/DSC03668_compressed-1.jpg);\n}\n#page-header-640850429 .title-overlay {\n  background-color: rgba(0,0,0,.5);\n}\n#page-header-640850429 .featured-title {\n  background-color: #ffffff;\n}\n<\/style>\n  <\/div>\n    <\/div>\n  \n\n\t<section class=\"section\" id=\"section_1000090796\">\n\t\t<div class=\"section-bg fill\" >\n\t\t\t\t\t\t\t\t\t\n\t\t\t\n\n\t\t<\/div>\n\n\t\t\n\n\t\t<div class=\"section-content relative\">\n\t\t\t\n<div class=\"row\"  id=\"row-380536393\">\n\n\t<div id=\"col-1190622312\" class=\"col small-12 large-12\"  data-animate=\"fadeInUp\">\n\t\t\t\t<div class=\"col-inner\"  >\n\t\t\t\n\t\t\t\n\t<div id=\"text-2477404394\" class=\"text _product_page\">\n\t\t\n<h2 style=\"text-align: center;\">X\u1eed l\u00fd b\u1ec1 m\u1eb7t<\/h2>\n<p><span style=\"font-size: 120%;\">C\u00f4ng ty TNHH  CN Tungshin  (Vi\u1ec7t Nam) chuy\u00ean x\u1eed l\u00fd b\u1ec1 m\u1eb7t c\u00e1c lo\u1ea1i nh\u00f4m \u0111\u00f9n, \u1ed1ng nh\u00f4m, thanh nh\u00f4m bao g\u1ed3m phun c\u00e1t, anode h\u00f3a v\u00e0 s\u01a1n t\u0129nh \u0111i\u1ec7n. M\u00e0u s\u1eafc x\u1eed l\u00fd c\u00f3 th\u1ec3 \u0111i\u1ec1u ch\u1ec9nh theo y\u00eau c\u1ea7u kh\u00e1ch h\u00e0ng, \u0111\u1ea3m b\u1ea3o ch\u1ea5t l\u01b0\u1ee3ng b\u1ec1 m\u1eb7t cao, \u0111\u00e1p \u1ee9ng m\u1ecdi y\u00eau c\u1ea7u c\u1ee7a kh\u00e1ch h\u00e0ng.<\/span><\/p>\n<table width=\"100%\">\n<tbody>\n<tr>\n<td width=\"157\"><span style=\"font-size: 120%;\">Thi\u1ebft b\u1ecb s\u1ea3n xu\u1ea5t<\/span><\/td>\n<td width=\"548\"><span style=\"font-size: 120%;\">Ph\u1ea1m vi quy c\u00e1ch<\/span><\/td>\n<\/tr>\n<tr>\n<td width=\"157\">\u00a0H\u1ec7 Th\u1ed1ng M\u1ea1 \u0110i\u1ec7n<\/td>\n<td width=\"548\"><span style=\"font-size: 120%;\">L: 6m, Anodic film thickness : 5\u00b5m &#8211; 25\u00b5m, Hard anodic : 10\u00b5m &#8211; 50\u00b5m<\/span><\/td>\n<\/tr>\n<tr>\n<td width=\"157\"><span style=\"font-size: 120%;\">H\u1ec7 th\u1ed1ng s\u01a1n t\u0129nh \u0111i\u1ec7n<\/span><\/td>\n<td width=\"548\"><span style=\"font-size: 120%;\">L\uff1a6m<\/span><\/td>\n<\/tr>\n<tr>\n<td width=\"157\"><span style=\"font-size: 120%;\">M\u00e1y phun c\u00e1t<\/span><\/td>\n<td width=\"548\"><span style=\"font-size: 120%;\">L\uff1a6m\uff0cW\uff1a50cm\uff0cH\uff1a15cm<\/span><\/td>\n<\/tr>\n<\/tbody>\n<\/table>\n\t\t\t<\/div>\n\t\n\t\t<\/div>\n\t\t\t\t\t<\/div>\n\n\t\n<\/div>\n<div class=\"row\"  id=\"row-1885276978\">\n\n\t<div id=\"col-1716865040\" class=\"col medium-4 small-12 large-4\"  >\n\t\t\t\t<div class=\"col-inner\"  >\n\t\t\t\n\t\t\t\n\n  \n    <div class=\"row large-columns-1 medium-columns- small-columns- slider row-slider slider-nav-reveal slider-nav-push\"  data-flickity-options='{&quot;imagesLoaded&quot;: true, &quot;groupCells&quot;: &quot;100%&quot;, &quot;dragThreshold&quot; : 5, &quot;cellAlign&quot;: &quot;left&quot;,&quot;wrapAround&quot;: true,&quot;prevNextButtons&quot;: true,&quot;percentPosition&quot;: true,&quot;pageDots&quot;: true, &quot;rightToLeft&quot;: false, &quot;autoPlay&quot; : 3000}' >\n\n  <div class=\"gallery-col col\" >\n          <div class=\"col-inner\">\n            <a class=\"image-lightbox lightbox-gallery\" href=\"https:\/\/www.tungshinaluminum.com\/wp-content\/uploads\/2025\/05\/DSC03664_compressed-1024x683.jpg\" title=\"\">            <div class=\"box has-hover gallery-box box-normal\">\n              <div class=\"box-image image-cover\" style=\"padding-top:350px;\">\n                <img loading=\"lazy\" decoding=\"async\" width=\"300\" height=\"200\" src=\"https:\/\/www.tungshinaluminum.com\/wp-content\/uploads\/2025\/05\/DSC03664_compressed-300x200.jpg\" class=\"attachment-medium size-medium\" alt=\"\" ids=\"839\" style=\"normal\" type=\"slider\" columns=\"1\" slider_bullets=\"true\" auto_slide=\"3000\" image_height=\"350px\" srcset=\"https:\/\/www.tungshinaluminum.com\/wp-content\/uploads\/2025\/05\/DSC03664_compressed-300x200.jpg 300w, https:\/\/www.tungshinaluminum.com\/wp-content\/uploads\/2025\/05\/DSC03664_compressed-1024x683.jpg 1024w, https:\/\/www.tungshinaluminum.com\/wp-content\/uploads\/2025\/05\/DSC03664_compressed-768x513.jpg 768w, https:\/\/www.tungshinaluminum.com\/wp-content\/uploads\/2025\/05\/DSC03664_compressed-18x12.jpg 18w, https:\/\/www.tungshinaluminum.com\/wp-content\/uploads\/2025\/05\/DSC03664_compressed.jpg 1500w\" sizes=\"auto, (max-width: 300px) 100vw, 300px\" \/>                                                              <\/div>\n              <div class=\"box-text text-left\" >\n                 <p><\/p>\n              <\/div>\n            <\/div>\n            <\/a>          <\/div>\n         <\/div><\/div>\n\t<div id=\"text-872275972\" class=\"text\">\n\t\t\n<h3><strong>H\u1ec7 Th\u1ed1ng M\u1ea1 \u0110i\u1ec7n <\/strong><\/h3>\n\t\t\n<style>\n#text-872275972 {\n  text-align: center;\n}\n<\/style>\n\t<\/div>\n\t\n\t\t<\/div>\n\t\t\t\t\t<\/div>\n\n\t\n\n\t<div id=\"col-745025438\" class=\"col medium-4 small-12 large-4\"  >\n\t\t\t\t<div class=\"col-inner\"  >\n\t\t\t\n\t\t\t\n\n  \n    <div class=\"row large-columns-1 medium-columns- small-columns- slider row-slider slider-nav-reveal slider-nav-push\"  data-flickity-options='{&quot;imagesLoaded&quot;: true, &quot;groupCells&quot;: &quot;100%&quot;, &quot;dragThreshold&quot; : 5, &quot;cellAlign&quot;: &quot;left&quot;,&quot;wrapAround&quot;: true,&quot;prevNextButtons&quot;: true,&quot;percentPosition&quot;: true,&quot;pageDots&quot;: true, &quot;rightToLeft&quot;: false, &quot;autoPlay&quot; : 3000}' >\n\n  <div class=\"gallery-col col\" >\n          <div class=\"col-inner\">\n            <a class=\"image-lightbox lightbox-gallery\" href=\"https:\/\/www.tungshinaluminum.com\/wp-content\/uploads\/2025\/05\/675114_0_compressed-768x1024.jpg\" title=\"\">            <div class=\"box has-hover gallery-box box-normal\">\n              <div class=\"box-image image-cover\" style=\"padding-top:350px;\">\n                <img loading=\"lazy\" decoding=\"async\" width=\"225\" height=\"300\" src=\"https:\/\/www.tungshinaluminum.com\/wp-content\/uploads\/2025\/05\/675114_0_compressed-225x300.jpg\" class=\"attachment-medium size-medium\" alt=\"\" ids=\"844\" style=\"normal\" type=\"slider\" columns=\"1\" slider_bullets=\"true\" auto_slide=\"3000\" image_height=\"350px\" srcset=\"https:\/\/www.tungshinaluminum.com\/wp-content\/uploads\/2025\/05\/675114_0_compressed-225x300.jpg 225w, https:\/\/www.tungshinaluminum.com\/wp-content\/uploads\/2025\/05\/675114_0_compressed-768x1024.jpg 768w, https:\/\/www.tungshinaluminum.com\/wp-content\/uploads\/2025\/05\/675114_0_compressed-9x12.jpg 9w, https:\/\/www.tungshinaluminum.com\/wp-content\/uploads\/2025\/05\/675114_0_compressed.jpg 1108w\" sizes=\"auto, (max-width: 225px) 100vw, 225px\" \/>                                                              <\/div>\n              <div class=\"box-text text-left\" >\n                 <p><\/p>\n              <\/div>\n            <\/div>\n            <\/a>          <\/div>\n         <\/div><\/div>\n\t<div id=\"text-1692584601\" class=\"text\">\n\t\t\n<h3><strong>H\u1ec7 th\u1ed1ng s\u01a1n t\u0129nh \u0111i\u1ec7n<\/strong><\/h3>\n\t\t\n<style>\n#text-1692584601 {\n  text-align: center;\n}\n<\/style>\n\t<\/div>\n\t\n\t\t<\/div>\n\t\t\t\t\t<\/div>\n\n\t\n\n\t<div id=\"col-1624978829\" class=\"col medium-4 small-12 large-4\"  >\n\t\t\t\t<div class=\"col-inner\"  >\n\t\t\t\n\t\t\t\n\n  \n    <div class=\"row large-columns-1 medium-columns- small-columns- slider row-slider slider-nav-reveal slider-nav-push\"  data-flickity-options='{&quot;imagesLoaded&quot;: true, &quot;groupCells&quot;: &quot;100%&quot;, &quot;dragThreshold&quot; : 5, &quot;cellAlign&quot;: &quot;left&quot;,&quot;wrapAround&quot;: true,&quot;prevNextButtons&quot;: true,&quot;percentPosition&quot;: true,&quot;pageDots&quot;: true, &quot;rightToLeft&quot;: false, &quot;autoPlay&quot; : 3000}' >\n\n  <div class=\"gallery-col col\" >\n          <div class=\"col-inner\">\n            <a class=\"image-lightbox lightbox-gallery\" href=\"https:\/\/www.tungshinaluminum.com\/wp-content\/uploads\/2025\/05\/DSC03678_compressed-1024x683.jpg\" title=\"\">            <div class=\"box has-hover gallery-box box-normal\">\n              <div class=\"box-image image-cover\" style=\"padding-top:350px;\">\n                <img loading=\"lazy\" decoding=\"async\" width=\"300\" height=\"200\" src=\"https:\/\/www.tungshinaluminum.com\/wp-content\/uploads\/2025\/05\/DSC03678_compressed-300x200.jpg\" class=\"attachment-medium size-medium\" alt=\"\" ids=\"847\" style=\"normal\" type=\"slider\" columns=\"1\" slider_bullets=\"true\" auto_slide=\"3000\" image_height=\"350px\" srcset=\"https:\/\/www.tungshinaluminum.com\/wp-content\/uploads\/2025\/05\/DSC03678_compressed-300x200.jpg 300w, https:\/\/www.tungshinaluminum.com\/wp-content\/uploads\/2025\/05\/DSC03678_compressed-1024x683.jpg 1024w, https:\/\/www.tungshinaluminum.com\/wp-content\/uploads\/2025\/05\/DSC03678_compressed-768x513.jpg 768w, https:\/\/www.tungshinaluminum.com\/wp-content\/uploads\/2025\/05\/DSC03678_compressed-18x12.jpg 18w, https:\/\/www.tungshinaluminum.com\/wp-content\/uploads\/2025\/05\/DSC03678_compressed.jpg 1500w\" sizes=\"auto, (max-width: 300px) 100vw, 300px\" \/>                                                              <\/div>\n              <div class=\"box-text text-left\" >\n                 <p><\/p>\n              <\/div>\n            <\/div>\n            <\/a>          <\/div>\n         <\/div><\/div>\n\t<div id=\"text-100956221\" class=\"text\">\n\t\t\n<h3><strong>M\u00e1y phun c\u00e1t<\/strong><\/h3>\n\t\t\n<style>\n#text-100956221 {\n  text-align: center;\n}\n<\/style>\n\t<\/div>\n\t\n\t\t<\/div>\n\t\t\t\t\t<\/div>\n\n\t\n<\/div>\n\t\t<\/div>\n\n\t\t\n<style>\n#section_1000090796 {\n  padding-top: 50px;\n  padding-bottom: 50px;\n}\n<\/style>\n\t<\/section>","protected":false},"excerpt":{"rendered":"","protected":false},"author":1,"featured_media":715,"parent":25,"menu_order":0,"comment_status":"closed","ping_status":"closed","template":"page-blank.php","meta":{"footnotes":""},"class_list":["post-29","page","type-page","status-publish","has-post-thumbnail","hentry"],"_links":{"self":[{"href":"https:\/\/www.tungshinaluminum.com\/vn\/wp-json\/wp\/v2\/pages\/29","targetHints":{"allow":["GET"]}}],"collection":[{"href":"https:\/\/www.tungshinaluminum.com\/vn\/wp-json\/wp\/v2\/pages"}],"about":[{"href":"https:\/\/www.tungshinaluminum.com\/vn\/wp-json\/wp\/v2\/types\/page"}],"author":[{"embeddable":true,"href":"https:\/\/www.tungshinaluminum.com\/vn\/wp-json\/wp\/v2\/users\/1"}],"replies":[{"embeddable":true,"href":"https:\/\/www.tungshinaluminum.com\/vn\/wp-json\/wp\/v2\/comments?post=29"}],"version-history":[{"count":27,"href":"https:\/\/www.tungshinaluminum.com\/vn\/wp-json\/wp\/v2\/pages\/29\/revisions"}],"predecessor-version":[{"id":1315,"href":"https:\/\/www.tungshinaluminum.com\/vn\/wp-json\/wp\/v2\/pages\/29\/revisions\/1315"}],"up":[{"embeddable":true,"href":"https:\/\/www.tungshinaluminum.com\/vn\/wp-json\/wp\/v2\/pages\/25"}],"wp:featuredmedia":[{"embeddable":true,"href":"https:\/\/www.tungshinaluminum.com\/vn\/wp-json\/wp\/v2\/media\/715"}],"wp:attachment":[{"href":"https:\/\/www.tungshinaluminum.com\/vn\/wp-json\/wp\/v2\/media?parent=29"}],"curies":[{"name":"wp","href":"https:\/\/api.w.org\/{rel}","templated":true}]}}