{"id":27,"date":"2025-04-21T02:43:29","date_gmt":"2025-04-21T02:43:29","guid":{"rendered":"https:\/\/www.tungshinaluminum.com\/?page_id=27"},"modified":"2025-05-16T02:23:16","modified_gmt":"2025-05-16T02:23:16","slug":"manufacturing-and-processinggc-mould-factory","status":"publish","type":"page","link":"https:\/\/www.tungshinaluminum.com\/vn\/products\/manufacturing-and-processinggc-mould-factory","title":{"rendered":"Gia C\u00f4ng"},"content":{"rendered":"<div id=\"page-header-418090284\" class=\"page-header-wrapper\">\n  <div class=\"page-title dark featured-title\">\n\n        <div class=\"page-title-bg\">\n      <div class=\"title-bg fill bg-fill\"\n        data-parallax-container=\".page-title\"\n        data-parallax-background\n data-parallax=\"-\">\n      <\/div>\n      <div class=\"title-overlay fill\"><\/div>\n    <\/div>\n    \n    <div class=\"page-title-inner container align-center text-center flex-row-col medium-flex-wrap\" >\n              <div class=\"title-wrapper flex-col\">\n          <h1 class=\"entry-title mb-0\">\n            Gia C\u00f4ng          <\/h1>\n        <\/div>\n                    <div class=\"title-content flex-col\">\n        <div class=\"title-breadcrumbs pb-half pt-half\"><\/div>      <\/div>\n    <\/div>\n\n     \n<style>\n#page-header-418090284 .page-title-inner {\n  min-height: 450px;\n}\n#page-header-418090284 .title-bg {\n  background-image: url(https:\/\/www.tungshinaluminum.com\/wp-content\/uploads\/2025\/05\/DSC03579.png);\n}\n#page-header-418090284 .featured-title {\n  background-color: #ffffff;\n}\n<\/style>\n  <\/div>\n    <\/div>\n  \n\n\t<section class=\"section\" id=\"section_1040236545\">\n\t\t<div class=\"section-bg fill\" >\n\t\t\t\t\t\t\t\t\t\n\t\t\t\n\n\t\t<\/div>\n\n\t\t\n\n\t\t<div class=\"section-content relative\">\n\t\t\t\n<div class=\"row\"  id=\"row-716385290\">\n\n\t<div id=\"col-716280046\" class=\"col small-12 large-12\"  data-animate=\"fadeInUp\">\n\t\t\t\t<div class=\"col-inner\"  >\n\t\t\t\n\t\t\t\n\t<div id=\"text-2942090055\" class=\"text _product_page\">\n\t\t\n<h2>Gia C\u00f4ng<\/h2>\n<p><span style=\"font-size: 120%;\">Chuy\u00ean ph\u00e1t tri\u1ec3n v\u00e0 s\u1ea3n xu\u1ea5t s\u1ea3n ph\u1ea9m OEM\/ODM. Cam k\u1ebft cung c\u1ea5p cho kh\u00e1ch h\u00e0ng d\u1ecbch v\u1ee5 s\u1ea3n xu\u1ea5t h\u1ee3p \u0111\u1ed3ng t\u00edch h\u1ee3p h\u1ec7 th\u1ed1ng \u0111\u1ec3 \u0111\u00e1p \u1ee9ng nhu c\u1ea7u \u0111a d\u1ea1ng, gi\u00fap kh\u00e1ch h\u00e0ng r\u00fat ng\u1eafn hi\u1ec7u qu\u1ea3 ti\u1ebfn \u0111\u1ed9 ph\u00e1t tri\u1ec3n s\u1ea3n ph\u1ea9m. \u0110\u1ed3ng th\u1eddi cung c\u1ea5p d\u1ecbch v\u1ee5 t\u01b0 v\u1ea5n k\u1ef9 thu\u1eadt chuy\u00ean nghi\u1ec7p v\u00e0 n\u1ed7 l\u1ef1c t\u1ea1o ra c\u00e1c s\u1ea3n ph\u1ea9m ch\u1ea5t l\u01b0\u1ee3ng cao, c\u00f3 t\u00ednh c\u1ea1nh tranh m\u1ea1nh cho kh\u00e1ch h\u00e0ng.<\/span><\/p>\n\t\t\t<\/div>\n\t\n\t\t<\/div>\n\t\t\t\t\t<\/div>\n\n\t\n<\/div>\n<div class=\"row\"  id=\"row-1275203179\">\n\n\t<div id=\"col-541971454\" class=\"col medium-6 small-12 large-6\"  data-animate=\"fadeInLeft\">\n\t\t\t\t<div class=\"col-inner\"  >\n\t\t\t\n\t\t\t\n\t<div id=\"text-2274422755\" class=\"text _product_page\">\n\t\t\n<table width=\"100%\">\n<tbody>\n<tr>\n<td width=\"290\"><span style=\"font-size: 120%;\">Thi\u1ebft b\u1ecb s\u1ea3n xu\u1ea5t<\/span><\/td>\n<td width=\"445\"><span style=\"font-size: 120%;\">Ph\u1ea1m vi quy c\u00e1ch<\/span><\/td>\n<\/tr>\n<tr>\n<td width=\"290\"><span style=\"font-size: 120%;\">CNC Lathe *19<\/span><\/td>\n<td width=\"445\"><span style=\"font-size: 120%;\">H\u00e0nh tr\u00ecnh tr\u1ee5c Z 290-380mm<\/span><\/td>\n<\/tr>\n<tr>\n<td width=\"290\"><span style=\"font-size: 120%;\">Automatic cutting machine *5<\/span><\/td>\n<td width=\"445\"><span style=\"font-size: 120%;\">H\uff1a190mm\u3001W\uff1a300mm\u3001L\u226712.5mm<\/span><\/td>\n<\/tr>\n<tr>\n<td width=\"290\"><span style=\"font-size: 120%;\">M\u00e1y phay m\u00e9p * 5<\/span><\/td>\n<td width=\"445\"><span style=\"font-size: 120%;\">T\u00a0max\uff1a9mm,\u00a0OD\u226675mm\u3001L:24.9mm~81mm<\/span><\/td>\n<\/tr>\n<tr>\n<td width=\"290\"><span style=\"font-size: 120%;\">M\u00e1y R\u1eeda Si\u00eau \u00c2m * 3<\/span><\/td>\n<td width=\"445\"><span style=\"font-size: 120%;\">L\uff1a70\u00a0cm*W\uff1a80\u00a0cm*H\uff1a100\u00a0cm<\/span><\/td>\n<\/tr>\n<tr>\n<td width=\"290\"><span style=\"font-size: 120%;\">M\u00e1y C\u1eaft B\u00e1n T\u1ef1 \u0110\u1ed9ng * 2<\/span><\/td>\n<td width=\"445\"><span style=\"font-size: 120%;\">H\uff1a120mm\u3001L\u226730mm\u3001W\uff1a250mm<\/span><\/td>\n<\/tr>\n<tr>\n<td width=\"290\"><span style=\"font-size: 120%;\">Hydraulic forming *2<\/span><\/td>\n<td width=\"445\"><span style=\"font-size: 120%;\">L\u2266600mm<\/span><\/td>\n<\/tr>\n<tr>\n<td width=\"290\"><span style=\"font-size: 120%;\">M\u00e1y phay CNC * 6<\/span><\/td>\n<td width=\"445\"><span style=\"font-size: 120%;\">X\/Y\/Z\u00a0H\u00e0nh tr\u00ecnh tr\u1ee5c\u00a01020\/610\/610<\/span><\/td>\n<\/tr>\n<tr>\n<td width=\"290\"><span style=\"font-size: 120%;\">M\u00e1y EDM *9<\/span><\/td>\n<td width=\"445\"><span style=\"font-size: 120%;\">X\/Y\/Z\u00a0h\u00e0nh tr\u00ecnh tr\u1ee5c\u00a0650\/400\/300<\/span><\/td>\n<\/tr>\n<tr>\n<td width=\"290\"><span style=\"font-size: 120%;\">M\u00e1y EDM d\u00e2y *2<\/span><\/td>\n<td width=\"445\"><span style=\"font-size: 120%;\">\u00a0X\/Y\/Z\u00a0h\u00e0nh tr\u00ecnh tr\u1ee5c\u00a0500\/300\/300<\/span><\/td>\n<\/tr>\n<\/tbody>\n<\/table>\n\t\t\t<\/div>\n\t\n\t\t<\/div>\n\t\t\t\t\t<\/div>\n\n\t\n\n\t<div id=\"col-892729805\" class=\"col medium-6 small-12 large-6\"  data-animate=\"fadeInRight\">\n\t\t\t\t<div class=\"col-inner\"  >\n\t\t\t\n\t\t\t\n\n  \n    <div class=\"row large-columns-1 medium-columns- small-columns- slider row-slider slider-nav-reveal slider-nav-push\"  data-flickity-options='{&quot;imagesLoaded&quot;: true, &quot;groupCells&quot;: &quot;100%&quot;, &quot;dragThreshold&quot; : 5, &quot;cellAlign&quot;: &quot;left&quot;,&quot;wrapAround&quot;: true,&quot;prevNextButtons&quot;: true,&quot;percentPosition&quot;: true,&quot;pageDots&quot;: true, &quot;rightToLeft&quot;: false, &quot;autoPlay&quot; : 3000}' >\n\n  <div class=\"gallery-col col\" >\n          <div class=\"col-inner\">\n            <a class=\"image-lightbox lightbox-gallery\" href=\"https:\/\/www.tungshinaluminum.com\/wp-content\/uploads\/2025\/05\/DSC03561_compressed-1024x683.jpg\" title=\"\">            <div class=\"box has-hover gallery-box box-normal\">\n              <div class=\"box-image image-cover\" style=\"padding-top:500px;\">\n                <img loading=\"lazy\" decoding=\"async\" width=\"300\" height=\"200\" src=\"https:\/\/www.tungshinaluminum.com\/wp-content\/uploads\/2025\/05\/DSC03561_compressed-300x200.jpg\" class=\"attachment-medium size-medium\" alt=\"\" ids=\"815\" style=\"normal\" type=\"slider\" columns=\"1\" slider_bullets=\"true\" auto_slide=\"3000\" image_height=\"500px\" srcset=\"https:\/\/www.tungshinaluminum.com\/wp-content\/uploads\/2025\/05\/DSC03561_compressed-300x200.jpg 300w, https:\/\/www.tungshinaluminum.com\/wp-content\/uploads\/2025\/05\/DSC03561_compressed-1024x683.jpg 1024w, https:\/\/www.tungshinaluminum.com\/wp-content\/uploads\/2025\/05\/DSC03561_compressed-768x513.jpg 768w, https:\/\/www.tungshinaluminum.com\/wp-content\/uploads\/2025\/05\/DSC03561_compressed-18x12.jpg 18w, https:\/\/www.tungshinaluminum.com\/wp-content\/uploads\/2025\/05\/DSC03561_compressed.jpg 1500w\" sizes=\"auto, (max-width: 300px) 100vw, 300px\" \/>                                                              <\/div>\n              <div class=\"box-text text-left\" >\n                 <p><\/p>\n              <\/div>\n            <\/div>\n            <\/a>          <\/div>\n         <\/div><\/div>\n\t\t<\/div>\n\t\t\t\t\t<\/div>\n\n\t\n<\/div>\n<div class=\"row\"  id=\"row-2049262278\">\n\n\t<div id=\"col-69579005\" class=\"col small-12 large-12\"  >\n\t\t\t\t<div class=\"col-inner\"  >\n\t\t\t\n\t\t\t\n<h2>S\u1ea3n xu\u1ea5t &amp; Gia c\u00f4ng<\/h2>\n<p><span style=\"font-size: 120%;\">Ch\u00fang t\u00f4i thi\u1ebft k\u1ebf v\u00e0 s\u1ea3n xu\u1ea5t theo y\u00eau c\u1ea7u ri\u00eang c\u1ee7a kh\u00e1ch h\u00e0ng, \u0111\u1ea3m b\u1ea3o ch\u1ea5t l\u01b0\u1ee3ng v\u00e0 \u0111\u1ed9 \u1ed5n \u0111\u1ecbnh cao, h\u1ed7 tr\u1ee3 kh\u00e1ch h\u00e0ng \u0111\u1ea1t \u0111\u01b0\u1ee3c th\u00e0nh c\u00f4ng s\u1ea3n ph\u1ea9m v\u00e0 m\u1ee5c ti\u00eau kinh doanh.<\/span><\/p>\n\t\t<\/div>\n\t\t\t\t\t<\/div>\n\n\t\n<\/div>\n<div class=\"row\"  id=\"row-784729177\">\n\n\t<div id=\"col-438700007\" class=\"col medium-6 small-12 large-6\"  data-animate=\"fadeInLeft\">\n\t\t\t\t<div class=\"col-inner\"  >\n\t\t\t\n\t\t\t\n\n  \n    <div class=\"row large-columns-1 medium-columns- small-columns- slider row-slider slider-nav-reveal slider-nav-push\"  data-flickity-options='{&quot;imagesLoaded&quot;: true, &quot;groupCells&quot;: &quot;100%&quot;, &quot;dragThreshold&quot; : 5, &quot;cellAlign&quot;: &quot;left&quot;,&quot;wrapAround&quot;: true,&quot;prevNextButtons&quot;: true,&quot;percentPosition&quot;: true,&quot;pageDots&quot;: true, &quot;rightToLeft&quot;: false, &quot;autoPlay&quot; : 3000}' >\n\n  <div class=\"gallery-col col\" >\n          <div class=\"col-inner\">\n            <a class=\"image-lightbox lightbox-gallery\" href=\"https:\/\/www.tungshinaluminum.com\/wp-content\/uploads\/2025\/05\/DSC03477_compressed-1-1024x683.jpg\" title=\"\">            <div class=\"box has-hover gallery-box box-normal\">\n              <div class=\"box-image image-cover\" style=\"padding-top:68%;\">\n                <img loading=\"lazy\" decoding=\"async\" width=\"300\" height=\"200\" src=\"https:\/\/www.tungshinaluminum.com\/wp-content\/uploads\/2025\/05\/DSC03477_compressed-1-300x200.jpg\" class=\"attachment-medium size-medium\" alt=\"\" ids=\"830\" style=\"normal\" type=\"slider\" columns=\"1\" slider_bullets=\"true\" auto_slide=\"3000\" image_height=\"68%\" srcset=\"https:\/\/www.tungshinaluminum.com\/wp-content\/uploads\/2025\/05\/DSC03477_compressed-1-300x200.jpg 300w, https:\/\/www.tungshinaluminum.com\/wp-content\/uploads\/2025\/05\/DSC03477_compressed-1-1024x683.jpg 1024w, https:\/\/www.tungshinaluminum.com\/wp-content\/uploads\/2025\/05\/DSC03477_compressed-1-768x513.jpg 768w, https:\/\/www.tungshinaluminum.com\/wp-content\/uploads\/2025\/05\/DSC03477_compressed-1-18x12.jpg 18w, https:\/\/www.tungshinaluminum.com\/wp-content\/uploads\/2025\/05\/DSC03477_compressed-1.jpg 1500w\" sizes=\"auto, (max-width: 300px) 100vw, 300px\" \/>                                                              <\/div>\n              <div class=\"box-text text-left\" >\n                 <p><\/p>\n              <\/div>\n            <\/div>\n            <\/a>          <\/div>\n         <\/div><\/div>\n\t\t<\/div>\n\t\t\t\t\t<\/div>\n\n\t\n\n\t<div id=\"col-1162923966\" class=\"col medium-6 small-12 large-6\"  data-animate=\"fadeInRight\">\n\t\t\t\t<div class=\"col-inner\"  >\n\t\t\t\n\t\t\t\n<div class=\"row\"  id=\"row-1229468551\">\n\n\t<div id=\"col-482634530\" class=\"col small-12 large-12\"  >\n\t\t\t\t<div class=\"col-inner\"  >\n\t\t\t\n\t\t\t\n\t<div id=\"text-2902759186\" class=\"text _product_page\">\n\t\t\n<table style=\"width: 100%;\" width=\"100%\">\n<tbody>\n<tr>\n<td style=\"width: 45.283%;\" width=\"185\"><span style=\"font-size: 120%;\">Thi\u1ebft b\u1ecb s\u1ea3n xu\u1ea5t<\/span><\/td>\n<td style=\"width: 53.5849%;\" width=\"457\"><span style=\"font-size: 120%;\">Ph\u1ea1m vi quy c\u00e1ch<\/span><\/td>\n<\/tr>\n<tr>\n<td style=\"width: 45.283%;\" width=\"185\"><span style=\"font-size: 120%;\">M\u00e1y phay CNC * 6<\/span><\/td>\n<td style=\"width: 53.5849%;\" width=\"457\"><span style=\"font-family: inherit; font-size: 120%;\">H\u00e0nh tr\u00ecnh tr\u1ee5c X\/Y\/Z\u00a0<\/span><\/p>\n<p><span style=\"font-size: 120%;\">1020\/610\/610<\/span><\/p>\n<p><span style=\"font-size: 120%;\">600\/400\/600<\/span><\/p>\n<\/td>\n<\/tr>\n<tr>\n<td style=\"width: 45.283%;\" width=\"185\"><span style=\"font-size: 120%;\">M\u00e1y EDM *9<\/span><\/td>\n<td style=\"width: 53.5849%;\" width=\"457\">\n<p><span style=\"font-family: inherit; font-size: 120%;\">H\u00e0nh tr\u00ecnh tr\u1ee5c X\/Y\/Z <\/span><\/p>\n<p><span style=\"font-family: inherit; font-size: 120%;\">650\/400\/300<\/span><\/p>\n<\/td>\n<\/tr>\n<tr>\n<td style=\"width: 45.283%;\" width=\"185\"><span style=\"font-size: 120%;\">M\u00e1y EDM d\u00e2y *2<\/span><\/td>\n<td style=\"width: 53.5849%;\" width=\"457\"><span style=\"font-size: 120%;\">\u00a0<span style=\"font-family: inherit;\">H\u00e0nh tr\u00ecnh tr\u1ee5c X\/Y\/Z\u00a0<\/span><\/span><\/p>\n<p><span style=\"font-size: 120%;\">400\/300\/300<\/span><\/p>\n<p><span style=\"font-size: 120%;\">500\/300\/300<\/span><\/p>\n<\/td>\n<\/tr>\n<\/tbody>\n<\/table>\n\t\t\t<\/div>\n\t\n\t\t<\/div>\n\t\t\t\t\t<\/div>\n\n\t\n<\/div>\n\t\t<\/div>\n\t\t\t\t\t<\/div>\n\n\t\n<\/div>\n\t\t<\/div>\n\n\t\t\n<style>\n#section_1040236545 {\n  padding-top: 50px;\n  padding-bottom: 50px;\n}\n<\/style>\n\t<\/section>","protected":false},"excerpt":{"rendered":"","protected":false},"author":1,"featured_media":713,"parent":25,"menu_order":0,"comment_status":"closed","ping_status":"closed","template":"page-blank.php","meta":{"footnotes":""},"class_list":["post-27","page","type-page","status-publish","has-post-thumbnail","hentry"],"_links":{"self":[{"href":"https:\/\/www.tungshinaluminum.com\/vn\/wp-json\/wp\/v2\/pages\/27","targetHints":{"allow":["GET"]}}],"collection":[{"href":"https:\/\/www.tungshinaluminum.com\/vn\/wp-json\/wp\/v2\/pages"}],"about":[{"href":"https:\/\/www.tungshinaluminum.com\/vn\/wp-json\/wp\/v2\/types\/page"}],"author":[{"embeddable":true,"href":"https:\/\/www.tungshinaluminum.com\/vn\/wp-json\/wp\/v2\/users\/1"}],"replies":[{"embeddable":true,"href":"https:\/\/www.tungshinaluminum.com\/vn\/wp-json\/wp\/v2\/comments?post=27"}],"version-history":[{"count":38,"href":"https:\/\/www.tungshinaluminum.com\/vn\/wp-json\/wp\/v2\/pages\/27\/revisions"}],"predecessor-version":[{"id":1314,"href":"https:\/\/www.tungshinaluminum.com\/vn\/wp-json\/wp\/v2\/pages\/27\/revisions\/1314"}],"up":[{"embeddable":true,"href":"https:\/\/www.tungshinaluminum.com\/vn\/wp-json\/wp\/v2\/pages\/25"}],"wp:featuredmedia":[{"embeddable":true,"href":"https:\/\/www.tungshinaluminum.com\/vn\/wp-json\/wp\/v2\/media\/713"}],"wp:attachment":[{"href":"https:\/\/www.tungshinaluminum.com\/vn\/wp-json\/wp\/v2\/media?parent=27"}],"curies":[{"name":"wp","href":"https:\/\/api.w.org\/{rel}","templated":true}]}}