{"id":25,"date":"2025-04-21T02:43:15","date_gmt":"2025-04-21T02:43:15","guid":{"rendered":"https:\/\/www.tungshinaluminum.com\/?page_id=25"},"modified":"2025-06-11T04:49:31","modified_gmt":"2025-06-11T04:49:31","slug":"products","status":"publish","type":"page","link":"https:\/\/www.tungshinaluminum.com\/vn\/products","title":{"rendered":"S\u1ea3n Ph\u1ea9m"},"content":{"rendered":"<div id=\"page-header-1286945732\" class=\"page-header-wrapper\">\n  <div class=\"page-title dark featured-title\">\n\n        <div class=\"page-title-bg\">\n      <div class=\"title-bg fill bg-fill\"\n        data-parallax-container=\".page-title\"\n        data-parallax-background\n data-parallax=\"-\">\n      <\/div>\n      <div class=\"title-overlay fill\"><\/div>\n    <\/div>\n    \n    <div class=\"page-title-inner container align-center text-center flex-row-col medium-flex-wrap\" >\n              <div class=\"title-wrapper flex-col\">\n          <h1 class=\"entry-title mb-0\">\n            S\u1ea3n Ph\u1ea9m          <\/h1>\n        <\/div>\n                    <div class=\"title-content flex-col\">\n        <div class=\"title-breadcrumbs pb-half pt-half\"><\/div>      <\/div>\n    <\/div>\n\n     \n<style>\n#page-header-1286945732 .page-title-inner {\n  min-height: 350px;\n}\n#page-header-1286945732 .title-bg {\n  background-image: url(https:\/\/www.tungshinaluminum.com\/wp-content\/uploads\/2025\/04\/DJI_0226_1.jpg.webp);\n}\n#page-header-1286945732 .featured-title {\n  background-color: #ffffff;\n}\n<\/style>\n  <\/div>\n    <\/div>\n  \n\n\t<section class=\"section\" id=\"section_1129887035\">\n\t\t<div class=\"section-bg fill\" >\n\t\t\t\t\t\t\t\t\t\n\t\t\t\n\n\t\t<\/div>\n\n\t\t\n\n\t\t<div class=\"section-content relative\">\n\t\t\t\n<div class=\"row\"  id=\"row-1786753608\">\n\n\t<div id=\"col-928471256\" class=\"col small-12 large-12\"  >\n\t\t\t\t<div class=\"col-inner\"  >\n\t\t\t\n\t\t\t\n<h2><strong>Gi\u1ea3i ph\u00e1p nh\u00f4m s\u00e1ng t\u1ea1o cho m\u1ecdi ng\u00e0nh c\u00f4ng nghi\u1ec7p<\/strong><\/h2>\n<p class=\"\" data-start=\"111\" data-end=\"895\">Tung Shin t\u1ef1 h\u00e0o l\u00e0 nh\u00e0 s\u1ea3n xu\u1ea5t v\u00e0 cung c\u1ea5p s\u1ea3n ph\u1ea9m nh\u00f4m ch\u1ea5t l\u01b0\u1ee3ng cao h\u00e0ng \u0111\u1ea7u. V\u1edbi c\u00e1c d\u00e2y chuy\u1ec1n s\u1ea3n xu\u1ea5t hi\u1ec7n \u0111\u1ea1i v\u00e0 \u0111\u1ed9i ng\u0169 k\u1ef9 s\u01b0 gi\u00e0u kinh nghi\u1ec7m, ch\u00fang t\u00f4i chuy\u00ean thi\u1ebft k\u1ebf h\u1ee3p kim nh\u00f4m t\u00f9y ch\u1ec9nh, \u0111\u00fac nh\u00f4m, \u00e9p ch\u00ednh x\u00e1c v\u00e0 x\u1eed l\u00fd b\u1ec1 m\u1eb7t \u0111\u1ea1t chu\u1ea9n qu\u1ed1c t\u1ebf. M\u1ed7i s\u1ea3n ph\u1ea9m \u0111\u1ec1u tr\u1ea3i qua quy tr\u00ecnh ki\u1ec3m so\u00e1t ch\u1ea5t l\u01b0\u1ee3ng nghi\u00eam ng\u1eb7t \u0111\u1ec3 \u0111\u1ea3m b\u1ea3o \u0111\u1ed9 ch\u00ednh x\u00e1c cao, \u0111\u1ed9 b\u1ec1n v\u00e0 t\u00ednh th\u1ea9m m\u1ef9\u2014\u0111\u00e1p \u1ee9ng nhu c\u1ea7u \u0111a d\u1ea1ng t\u1eeb \u1ee9ng d\u1ee5ng d\u00e2n d\u1ee5ng \u0111\u1ebfn c\u00f4ng nghi\u1ec7p. Tung Shin cam k\u1ebft cung c\u1ea5p c\u00e1c gi\u1ea3i ph\u00e1p nh\u00f4m t\u1ed1i \u01b0u, \u0111\u1ed3ng h\u00e0nh c\u00f9ng c\u00e1c \u0111\u1ed1i t\u00e1c v\u00e0 kh\u00e1ch h\u00e0ng trong s\u1ef1 ph\u00e1t tri\u1ec3n b\u1ec1n v\u1eefng.<\/p>\n<p>\u00a0<\/p>\n\n  \n    <div class=\"row _dichvu_baove _home_products large-columns-3 medium-columns- small-columns-2 has-shadow row-box-shadow-2 row-box-shadow-5-hover\" >\n  <div class=\"page-col col\" data-animate=\"bounceInUp\">\n          <div class=\"col-inner\" style=\"border-radius:3%;\">\n          <a class=\"block plain\" href=\"https:\/\/www.tungshinaluminum.com\/vn\/products\/high-definition-net-aluminum-casting-rods\" title=\"Nh\u00f4m thanh \u0111\u00fac ch\u1ea5t l\u01b0\u1ee3ng cao\" target=\"\">\n            <div class=\"page-box box has-hover\">\n                  <div class=\"box-image\" style=\"border-radius:3%;\">\n                      <div class=\"box-image image-cover\" style=\"padding-top:350px;\">\n                      <img loading=\"lazy\" decoding=\"async\" width=\"300\" height=\"200\" src=\"https:\/\/www.tungshinaluminum.com\/wp-content\/uploads\/2025\/05\/DSC03413-300x200.jpg\" class=\"attachment-medium size-medium\" alt=\"\" srcset=\"https:\/\/www.tungshinaluminum.com\/wp-content\/uploads\/2025\/05\/DSC03413-300x200.jpg 300w, https:\/\/www.tungshinaluminum.com\/wp-content\/uploads\/2025\/05\/DSC03413-768x512.jpg 768w, https:\/\/www.tungshinaluminum.com\/wp-content\/uploads\/2025\/05\/DSC03413-18x12.jpg 18w, https:\/\/www.tungshinaluminum.com\/wp-content\/uploads\/2025\/05\/DSC03413.jpg 1024w\" sizes=\"auto, (max-width: 300px) 100vw, 300px\" \/>                      <\/div>\n                                                              <\/div>\n                  <div class=\"box-text text-center is-xsmall\" style=\"padding:20px 0px 0px 0px;\">\n                        <div class=\"box-text-inner\">\n                            <p>Nh\u00f4m thanh \u0111\u00fac ch\u1ea5t l\u01b0\u1ee3ng cao<\/p>\n                        <\/div>\n                  <\/div>\n              <\/div>\n            <\/a>\n            <\/div>\n          <\/div><div class=\"page-col col\" data-animate=\"bounceInUp\">\n          <div class=\"col-inner\" style=\"border-radius:3%;\">\n          <a class=\"block plain\" href=\"https:\/\/www.tungshinaluminum.com\/vn\/products\/aluminum-extrusion\" title=\"\u00c9p \u0111\u00f9n h\u1ee3p kim nh\u00f4m\" target=\"\">\n            <div class=\"page-box box has-hover\">\n                  <div class=\"box-image\" style=\"border-radius:3%;\">\n                      <div class=\"box-image image-cover\" style=\"padding-top:350px;\">\n                      <img loading=\"lazy\" decoding=\"async\" width=\"300\" height=\"169\" src=\"https:\/\/www.tungshinaluminum.com\/wp-content\/uploads\/2025\/05\/DJI_0211_1_compressed-300x169.jpg\" class=\"attachment-medium size-medium\" alt=\"\" srcset=\"https:\/\/www.tungshinaluminum.com\/wp-content\/uploads\/2025\/05\/DJI_0211_1_compressed-300x169.jpg 300w, https:\/\/www.tungshinaluminum.com\/wp-content\/uploads\/2025\/05\/DJI_0211_1_compressed-1024x576.jpg 1024w, https:\/\/www.tungshinaluminum.com\/wp-content\/uploads\/2025\/05\/DJI_0211_1_compressed-768x432.jpg 768w, https:\/\/www.tungshinaluminum.com\/wp-content\/uploads\/2025\/05\/DJI_0211_1_compressed-1536x864.jpg 1536w, https:\/\/www.tungshinaluminum.com\/wp-content\/uploads\/2025\/05\/DJI_0211_1_compressed-2048x1152.jpg 2048w, https:\/\/www.tungshinaluminum.com\/wp-content\/uploads\/2025\/05\/DJI_0211_1_compressed-18x10.jpg 18w\" sizes=\"auto, (max-width: 300px) 100vw, 300px\" \/>                      <\/div>\n                                                              <\/div>\n                  <div class=\"box-text text-center is-xsmall\" style=\"padding:20px 0px 0px 0px;\">\n                        <div class=\"box-text-inner\">\n                            <p>\u00c9p \u0111\u00f9n h\u1ee3p kim nh\u00f4m<\/p>\n                        <\/div>\n                  <\/div>\n              <\/div>\n            <\/a>\n            <\/div>\n          <\/div><div class=\"page-col col\" data-animate=\"bounceInUp\">\n          <div class=\"col-inner\" style=\"border-radius:3%;\">\n          <a class=\"block plain\" href=\"https:\/\/www.tungshinaluminum.com\/vn\/products\/manufacturing-and-processinggc-mould-factory\" title=\"Gia C\u00f4ng\" target=\"\">\n            <div class=\"page-box box has-hover\">\n                  <div class=\"box-image\" style=\"border-radius:3%;\">\n                      <div class=\"box-image image-cover\" style=\"padding-top:350px;\">\n                      <img loading=\"lazy\" decoding=\"async\" width=\"300\" height=\"200\" src=\"https:\/\/www.tungshinaluminum.com\/wp-content\/uploads\/2025\/05\/DSC03686_compressed-300x200.jpg\" class=\"attachment-medium size-medium\" alt=\"\" srcset=\"https:\/\/www.tungshinaluminum.com\/wp-content\/uploads\/2025\/05\/DSC03686_compressed-300x200.jpg 300w, https:\/\/www.tungshinaluminum.com\/wp-content\/uploads\/2025\/05\/DSC03686_compressed-1024x683.jpg 1024w, https:\/\/www.tungshinaluminum.com\/wp-content\/uploads\/2025\/05\/DSC03686_compressed-768x513.jpg 768w, https:\/\/www.tungshinaluminum.com\/wp-content\/uploads\/2025\/05\/DSC03686_compressed-18x12.jpg 18w, https:\/\/www.tungshinaluminum.com\/wp-content\/uploads\/2025\/05\/DSC03686_compressed.jpg 1500w\" sizes=\"auto, (max-width: 300px) 100vw, 300px\" \/>                      <\/div>\n                                                              <\/div>\n                  <div class=\"box-text text-center is-xsmall\" style=\"padding:20px 0px 0px 0px;\">\n                        <div class=\"box-text-inner\">\n                            <p>Gia C\u00f4ng<\/p>\n                        <\/div>\n                  <\/div>\n              <\/div>\n            <\/a>\n            <\/div>\n          <\/div><div class=\"page-col col\" data-animate=\"bounceInUp\">\n          <div class=\"col-inner\" style=\"border-radius:3%;\">\n          <a class=\"block plain\" href=\"https:\/\/www.tungshinaluminum.com\/vn\/products\/surface-treatment\" title=\"X\u1eed l\u00fd b\u1ec1 m\u1eb7t\" target=\"\">\n            <div class=\"page-box box has-hover\">\n                  <div class=\"box-image\" style=\"border-radius:3%;\">\n                      <div class=\"box-image image-cover\" style=\"padding-top:350px;\">\n                      <img loading=\"lazy\" decoding=\"async\" width=\"300\" height=\"200\" src=\"https:\/\/www.tungshinaluminum.com\/wp-content\/uploads\/2025\/05\/DSC03668_compressed-300x200.jpg\" class=\"attachment-medium size-medium\" alt=\"\" srcset=\"https:\/\/www.tungshinaluminum.com\/wp-content\/uploads\/2025\/05\/DSC03668_compressed-300x200.jpg 300w, https:\/\/www.tungshinaluminum.com\/wp-content\/uploads\/2025\/05\/DSC03668_compressed-1024x683.jpg 1024w, https:\/\/www.tungshinaluminum.com\/wp-content\/uploads\/2025\/05\/DSC03668_compressed-768x513.jpg 768w, https:\/\/www.tungshinaluminum.com\/wp-content\/uploads\/2025\/05\/DSC03668_compressed-18x12.jpg 18w, https:\/\/www.tungshinaluminum.com\/wp-content\/uploads\/2025\/05\/DSC03668_compressed.jpg 1500w\" sizes=\"auto, (max-width: 300px) 100vw, 300px\" \/>                      <\/div>\n                                                              <\/div>\n                  <div class=\"box-text text-center is-xsmall\" style=\"padding:20px 0px 0px 0px;\">\n                        <div class=\"box-text-inner\">\n                            <p>X\u1eed l\u00fd b\u1ec1 m\u1eb7t<\/p>\n                        <\/div>\n                  <\/div>\n              <\/div>\n            <\/a>\n            <\/div>\n          <\/div><div class=\"page-col col\" data-animate=\"bounceInUp\">\n          <div class=\"col-inner\" style=\"border-radius:3%;\">\n          <a class=\"block plain\" href=\"https:\/\/www.tungshinaluminum.com\/vn\/products\/industrial-applications\" title=\"Industrial &amp; Construction applications\" target=\"\">\n            <div class=\"page-box box has-hover\">\n                  <div class=\"box-image\" style=\"border-radius:3%;\">\n                      <div class=\"box-image image-cover\" style=\"padding-top:350px;\">\n                      <img loading=\"lazy\" decoding=\"async\" width=\"298\" height=\"300\" src=\"https:\/\/www.tungshinaluminum.com\/wp-content\/uploads\/2025\/05\/DSC03636-Recovered-298x300.jpg\" class=\"attachment-medium size-medium\" alt=\"\" srcset=\"https:\/\/www.tungshinaluminum.com\/wp-content\/uploads\/2025\/05\/DSC03636-Recovered-298x300.jpg 298w, https:\/\/www.tungshinaluminum.com\/wp-content\/uploads\/2025\/05\/DSC03636-Recovered-150x150.jpg 150w, https:\/\/www.tungshinaluminum.com\/wp-content\/uploads\/2025\/05\/DSC03636-Recovered-12x12.jpg 12w, https:\/\/www.tungshinaluminum.com\/wp-content\/uploads\/2025\/05\/DSC03636-Recovered.jpg 595w\" sizes=\"auto, (max-width: 298px) 100vw, 298px\" \/>                      <\/div>\n                                                              <\/div>\n                  <div class=\"box-text text-center is-xsmall\" style=\"padding:20px 0px 0px 0px;\">\n                        <div class=\"box-text-inner\">\n                            <p>\u1ee8ng d\u1ee5ng c\u00f4ng nghi\u1ec7p v\u00e0 x\u00e2y d\u1ef1ng<\/p>\n                        <\/div>\n                  <\/div>\n              <\/div>\n            <\/a>\n            <\/div>\n          <\/div><div class=\"page-col col\" data-animate=\"bounceInUp\">\n          <div class=\"col-inner\" style=\"border-radius:3%;\">\n          <a class=\"block plain\" href=\"https:\/\/www.tungshinaluminum.com\/vn\/products\/inquire-about-product-information\" title=\"Th\u00f4ng tin s\u1ea3n ph\u1ea9m\" target=\"\">\n            <div class=\"page-box box has-hover\">\n                  <div class=\"box-image\" style=\"border-radius:3%;\">\n                      <div class=\"box-image image-cover\" style=\"padding-top:350px;\">\n                      <img loading=\"lazy\" decoding=\"async\" width=\"300\" height=\"200\" src=\"https:\/\/www.tungshinaluminum.com\/wp-content\/uploads\/2025\/04\/Inquire-about-product-information-300x200.jpg\" class=\"attachment-medium size-medium\" alt=\"\" srcset=\"https:\/\/www.tungshinaluminum.com\/wp-content\/uploads\/2025\/04\/Inquire-about-product-information-300x200.jpg 300w, https:\/\/www.tungshinaluminum.com\/wp-content\/uploads\/2025\/04\/Inquire-about-product-information.jpg 751w\" sizes=\"auto, (max-width: 300px) 100vw, 300px\" \/>                      <\/div>\n                                                              <\/div>\n                  <div class=\"box-text text-center is-xsmall\" style=\"padding:20px 0px 0px 0px;\">\n                        <div class=\"box-text-inner\">\n                            <p>Th\u00f4ng tin s\u1ea3n ph\u1ea9m<\/p>\n                        <\/div>\n                  <\/div>\n              <\/div>\n            <\/a>\n            <\/div>\n          <\/div><\/div>\n\t\t<\/div>\n\t\t\t\t\t<\/div>\n\n\t\n<\/div>\n\t\t<\/div>\n\n\t\t\n<style>\n#section_1129887035 {\n  padding-top: 50px;\n  padding-bottom: 50px;\n}\n<\/style>\n\t<\/section>","protected":false},"excerpt":{"rendered":"","protected":false},"author":1,"featured_media":0,"parent":0,"menu_order":0,"comment_status":"closed","ping_status":"closed","template":"page-blank.php","meta":{"footnotes":""},"class_list":["post-25","page","type-page","status-publish","hentry"],"_links":{"self":[{"href":"https:\/\/www.tungshinaluminum.com\/vn\/wp-json\/wp\/v2\/pages\/25","targetHints":{"allow":["GET"]}}],"collection":[{"href":"https:\/\/www.tungshinaluminum.com\/vn\/wp-json\/wp\/v2\/pages"}],"about":[{"href":"https:\/\/www.tungshinaluminum.com\/vn\/wp-json\/wp\/v2\/types\/page"}],"author":[{"embeddable":true,"href":"https:\/\/www.tungshinaluminum.com\/vn\/wp-json\/wp\/v2\/users\/1"}],"replies":[{"embeddable":true,"href":"https:\/\/www.tungshinaluminum.com\/vn\/wp-json\/wp\/v2\/comments?post=25"}],"version-history":[{"count":18,"href":"https:\/\/www.tungshinaluminum.com\/vn\/wp-json\/wp\/v2\/pages\/25\/revisions"}],"predecessor-version":[{"id":1311,"href":"https:\/\/www.tungshinaluminum.com\/vn\/wp-json\/wp\/v2\/pages\/25\/revisions\/1311"}],"wp:attachment":[{"href":"https:\/\/www.tungshinaluminum.com\/vn\/wp-json\/wp\/v2\/media?parent=25"}],"curies":[{"name":"wp","href":"https:\/\/api.w.org\/{rel}","templated":true}]}}